{"id":380,"date":"2025-08-17T18:56:22","date_gmt":"2025-08-17T18:56:22","guid":{"rendered":"https:\/\/familien-kinder-coach.de\/?page_id=380"},"modified":"2025-12-07T18:30:52","modified_gmt":"2025-12-07T18:30:52","slug":"euren-weg-finden","status":"publish","type":"page","link":"https:\/\/familien-kinder-coach.de\/","title":{"rendered":"Euren Weg finden"},"content":{"rendered":"\n<h1 class=\"wp-block-heading has-text-align-center\">Willkommen in meiner Coaching-Praxis<\/h1>\n\n\n\n<p>Herzlich willkommen auf der Seite meiner Coaching-Praxis. Als Diplom-Sozialp\u00e4dagoge und zertifizierter Yager &#8211; Coach arbeite ich mit Kindern und Erwachsenen daran, ihre \u00c4ngste und Probleme zu l\u00f6sen und ihr volles Potenzial zu entfalten. Ich kombiniere bew\u00e4hrte Methoden mit einem einf\u00fchlsamen, individuellen Ansatz, um Dich oder Dein Kind auf dem Weg zu mehr Gesundheit, St\u00e4rke und Lebensfreude zu begleiten. Mein Ziel ist es, nachhaltige Ver\u00e4nderungen zu erm\u00f6glichen \u2013 k\u00f6rperlich, emotional und mental.<\/p>\n\n\n\n<h2 class=\"wp-block-heading\"><\/h2>\n\n\n\n\n\n<figure class=\"wp-block-image size-full\"><img loading=\"lazy\" decoding=\"async\" width=\"720\" height=\"960\" src=\"https:\/\/familien-kinder-coach.de\/wp-content\/uploads\/2025\/12\/6597.jpg\" alt=\"\" class=\"wp-image-408\" srcset=\"https:\/\/familien-kinder-coach.de\/wp-content\/uploads\/2025\/12\/6597.jpg 720w, https:\/\/familien-kinder-coach.de\/wp-content\/uploads\/2025\/12\/6597-225x300.jpg 225w\" sizes=\"auto, (max-width: 720px) 100vw, 720px\" \/><\/figure>\n\n\n\n<h3 class=\"wp-block-heading\">Bei \u00c4ngsten, Panikattacken, Depressionen und anderen emotionalen Herausforderungen hilft der Yager-Code<\/h3>\n\n\n\n<p>Als zertifizierter Yager-Coach biete ich eine kraftvolle Methode, um tief verwurzelte Blockaden, \u00c4ngste oder Verhaltensmuster zu l\u00f6sen. Diese sanfte, aber effektive Technik nutzt die unglaublichen F\u00e4higkeiten des \u00dcberbewusstseins, um unbewusste Muster und Konditionierungen zu l\u00f6sen, auch ohne dass man sich bewusst mit den urs\u00e4chlichen Themen auseinandersetzen muss. Dies funktioniert auch super bei Kindern. Mehr dazu unter &#8222;Yager Code&#8220; im Men\u00fc. Ich kombiniere diese Methode mit anderen effektiven \u00dcbungen, die die Verbindung zu Deinem &#8222;\u00dcberbewusstsein&#8220; herstellen und st\u00e4rken. Zuhause k\u00f6nnen die \u00dcbungen dann zum Teil alleine durchgef\u00fchrt werden.<\/p>\n\n\n\n<figure class=\"wp-block-image size-full\"><img loading=\"lazy\" decoding=\"async\" width=\"720\" height=\"960\" src=\"https:\/\/familien-kinder-coach.de\/wp-content\/uploads\/2025\/07\/9b3fbf4b-f1f9-4ec3-8601-306b04e1488f.jpg\" alt=\"\" class=\"wp-image-369\" srcset=\"https:\/\/familien-kinder-coach.de\/wp-content\/uploads\/2025\/07\/9b3fbf4b-f1f9-4ec3-8601-306b04e1488f.jpg 720w, https:\/\/familien-kinder-coach.de\/wp-content\/uploads\/2025\/07\/9b3fbf4b-f1f9-4ec3-8601-306b04e1488f-225x300.jpg 225w\" sizes=\"auto, (max-width: 720px) 100vw, 720px\" \/><\/figure>\n\n\n\n<h3 class=\"wp-block-heading\"><strong>Ern\u00e4hrungsberatung nach Anthony William (Medical Medium)<\/strong><\/h3>\n\n\n\n<p>Dass eine ausgewogene Ern\u00e4hrung ist der Schl\u00fcssel zu mehr Vitalit\u00e4t und Gesundheit ist, wei\u00df jedes Kind. Dass Lebensmittel auch therapeutisch zielgerichtet zu Unterst\u00fctzung bei chronischen Krankheiten eingesetzt werden k\u00f6nnen und einige Lebensmittel die Ursachen dieser Erkrankungen befeuern wissen schon weniger Menschen. Basierend auf den Ans\u00e4tzen von Anthony William, dem Medical Medium, entwickle ich mit Dir einen individuellen Ern\u00e4hrungsplan, der deinen K\u00f6rper st\u00e4rkt, Entz\u00fcndungen reduziert und eine Basis f\u00fcr eine Gesundung von diesen Erkrankungen schafft. Da die Umsetzung dieser Ern\u00e4hrungstherapie sehr komplex ist und nicht so einfach umzusetzen, f\u00fchre ich Dich Schritt f\u00fcr Schritt an diese heilsame Hilfe heran. Ich habe die Erfahrung gemacht, dass die Kombination von diesen Methoden, also die seelisch-geistige Arbeit in Kombination mit der Ern\u00e4hrungstherapie unschlagbar kraftvoll und heilsam sind.<\/p>\n\n\n\n<h3 class=\"wp-block-heading\"><\/h3>\n\n\n\n<p><\/p>\n\n\n\n<figure class=\"wp-block-image size-large\"><img loading=\"lazy\" decoding=\"async\" width=\"1024\" height=\"768\" src=\"https:\/\/familien-kinder-coach.de\/wp-content\/uploads\/2025\/07\/smoothie-7320560_1280-1024x768.jpg\" alt=\"\" class=\"wp-image-312\" srcset=\"https:\/\/familien-kinder-coach.de\/wp-content\/uploads\/2025\/07\/smoothie-7320560_1280-1024x768.jpg 1024w, https:\/\/familien-kinder-coach.de\/wp-content\/uploads\/2025\/07\/smoothie-7320560_1280-300x225.jpg 300w, https:\/\/familien-kinder-coach.de\/wp-content\/uploads\/2025\/07\/smoothie-7320560_1280-768x576.jpg 768w, https:\/\/familien-kinder-coach.de\/wp-content\/uploads\/2025\/07\/smoothie-7320560_1280-400x300.jpg 400w, https:\/\/familien-kinder-coach.de\/wp-content\/uploads\/2025\/07\/smoothie-7320560_1280.jpg 1280w\" sizes=\"auto, (max-width: 1024px) 100vw, 1024px\" \/><\/figure>\n\n\n\n<h2 class=\"wp-block-heading\">Wie l\u00e4uft das ab?<\/h2>\n\n\n\n<p>Du meldest Dich bei mir zu einem kostenlosen Kennenlerntermin bei mir in der Praxis oder online. Wir lernen uns kennen und wir entscheiden dann danach, ob wir miteinander arbeiten wollen. Melde Dich gerne \u00fcber Whatsapp oder Email oder ruf einfach an. Ich freue mich auf Dich!<\/p>\n","protected":false},"excerpt":{"rendered":"<p>Willkommen in meiner Coaching-Praxis Herzlich willkommen auf der Seite meiner Coaching-Praxis. Als Diplom-Sozialp\u00e4dagoge und zertifizierter Yager &#8211; Coach arbeite ich mit Kindern und Erwachsenen daran, ihre \u00c4ngste und Probleme zu l\u00f6sen und ihr volles Potenzial zu entfalten. Ich kombiniere bew\u00e4hrte Methoden mit einem einf\u00fchlsamen, individuellen Ansatz, um Dich oder Dein Kind auf dem Weg zu [&hellip;]<\/p>\n","protected":false},"author":1,"featured_media":0,"parent":0,"menu_order":0,"comment_status":"closed","ping_status":"closed","template":"","meta":{"footnotes":""},"class_list":["post-380","page","type-page","status-publish","hentry"],"yoast_head":"<!-- This site is optimized with the Yoast SEO plugin v27.5 - https:\/\/yoast.com\/product\/yoast-seo-wordpress\/ -->\n<title>Euren Weg finden - Hilfe f\u00fcr die Kleinen und die Gro\u00dfen<\/title>\n<meta name=\"robots\" content=\"index, follow, max-snippet:-1, max-image-preview:large, max-video-preview:-1\" \/>\n<link rel=\"canonical\" href=\"https:\/\/familien-kinder-coach.de\/\" \/>\n<meta property=\"og:locale\" content=\"de_DE\" \/>\n<meta property=\"og:type\" content=\"article\" \/>\n<meta property=\"og:title\" content=\"Euren Weg finden - Hilfe f\u00fcr die Kleinen und die Gro\u00dfen\" \/>\n<meta property=\"og:description\" content=\"Willkommen in meiner Coaching-Praxis Herzlich willkommen auf der Seite meiner Coaching-Praxis. Als Diplom-Sozialp\u00e4dagoge und zertifizierter Yager &#8211; Coach arbeite ich mit Kindern und Erwachsenen daran, ihre \u00c4ngste und Probleme zu l\u00f6sen und ihr volles Potenzial zu entfalten. Ich kombiniere bew\u00e4hrte Methoden mit einem einf\u00fchlsamen, individuellen Ansatz, um Dich oder Dein Kind auf dem Weg zu [&hellip;]\" \/>\n<meta property=\"og:url\" content=\"https:\/\/familien-kinder-coach.de\/\" \/>\n<meta property=\"og:site_name\" content=\"Hilfe f\u00fcr die Kleinen und die Gro\u00dfen\" \/>\n<meta property=\"article:modified_time\" content=\"2025-12-07T18:30:52+00:00\" \/>\n<meta property=\"og:image\" content=\"https:\/\/familien-kinder-coach.de\/wp-content\/uploads\/2025\/12\/6597.jpg\" \/>\n\t<meta property=\"og:image:width\" content=\"720\" \/>\n\t<meta property=\"og:image:height\" content=\"960\" \/>\n\t<meta property=\"og:image:type\" content=\"image\/jpeg\" \/>\n<meta name=\"twitter:card\" content=\"summary_large_image\" \/>\n<meta name=\"twitter:label1\" content=\"Gesch\u00e4tzte Lesezeit\" \/>\n\t<meta name=\"twitter:data1\" content=\"3\u00a0Minuten\" \/>\n<script type=\"application\/ld+json\" class=\"yoast-schema-graph\">{\"@context\":\"https:\\\/\\\/schema.org\",\"@graph\":[{\"@type\":\"WebPage\",\"@id\":\"https:\\\/\\\/familien-kinder-coach.de\\\/\",\"url\":\"https:\\\/\\\/familien-kinder-coach.de\\\/\",\"name\":\"Euren Weg finden - Hilfe f\u00fcr die Kleinen und die Gro\u00dfen\",\"isPartOf\":{\"@id\":\"https:\\\/\\\/familien-kinder-coach.de\\\/#website\"},\"primaryImageOfPage\":{\"@id\":\"https:\\\/\\\/familien-kinder-coach.de\\\/#primaryimage\"},\"image\":{\"@id\":\"https:\\\/\\\/familien-kinder-coach.de\\\/#primaryimage\"},\"thumbnailUrl\":\"https:\\\/\\\/familien-kinder-coach.de\\\/wp-content\\\/uploads\\\/2025\\\/12\\\/6597.jpg\",\"datePublished\":\"2025-08-17T18:56:22+00:00\",\"dateModified\":\"2025-12-07T18:30:52+00:00\",\"breadcrumb\":{\"@id\":\"https:\\\/\\\/familien-kinder-coach.de\\\/#breadcrumb\"},\"inLanguage\":\"de\",\"potentialAction\":[{\"@type\":\"ReadAction\",\"target\":[\"https:\\\/\\\/familien-kinder-coach.de\\\/\"]}]},{\"@type\":\"ImageObject\",\"inLanguage\":\"de\",\"@id\":\"https:\\\/\\\/familien-kinder-coach.de\\\/#primaryimage\",\"url\":\"https:\\\/\\\/familien-kinder-coach.de\\\/wp-content\\\/uploads\\\/2025\\\/12\\\/6597.jpg\",\"contentUrl\":\"https:\\\/\\\/familien-kinder-coach.de\\\/wp-content\\\/uploads\\\/2025\\\/12\\\/6597.jpg\",\"width\":720,\"height\":960},{\"@type\":\"BreadcrumbList\",\"@id\":\"https:\\\/\\\/familien-kinder-coach.de\\\/#breadcrumb\",\"itemListElement\":[{\"@type\":\"ListItem\",\"position\":1,\"name\":\"Startseite\",\"item\":\"https:\\\/\\\/familien-kinder-coach.de\\\/\"},{\"@type\":\"ListItem\",\"position\":2,\"name\":\"Euren Weg finden\"}]},{\"@type\":\"WebSite\",\"@id\":\"https:\\\/\\\/familien-kinder-coach.de\\\/#website\",\"url\":\"https:\\\/\\\/familien-kinder-coach.de\\\/\",\"name\":\"Familien Kinder Coach Maifeld\",\"description\":\"\",\"potentialAction\":[{\"@type\":\"SearchAction\",\"target\":{\"@type\":\"EntryPoint\",\"urlTemplate\":\"https:\\\/\\\/familien-kinder-coach.de\\\/?s={search_term_string}\"},\"query-input\":{\"@type\":\"PropertyValueSpecification\",\"valueRequired\":true,\"valueName\":\"search_term_string\"}}],\"inLanguage\":\"de\"}]}<\/script>\n<!-- \/ Yoast SEO plugin. -->","yoast_head_json":{"title":"Euren Weg finden - Hilfe f\u00fcr die Kleinen und die Gro\u00dfen","robots":{"index":"index","follow":"follow","max-snippet":"max-snippet:-1","max-image-preview":"max-image-preview:large","max-video-preview":"max-video-preview:-1"},"canonical":"https:\/\/familien-kinder-coach.de\/","og_locale":"de_DE","og_type":"article","og_title":"Euren Weg finden - Hilfe f\u00fcr die Kleinen und die Gro\u00dfen","og_description":"Willkommen in meiner Coaching-Praxis Herzlich willkommen auf der Seite meiner Coaching-Praxis. Als Diplom-Sozialp\u00e4dagoge und zertifizierter Yager &#8211; Coach arbeite ich mit Kindern und Erwachsenen daran, ihre \u00c4ngste und Probleme zu l\u00f6sen und ihr volles Potenzial zu entfalten. Ich kombiniere bew\u00e4hrte Methoden mit einem einf\u00fchlsamen, individuellen Ansatz, um Dich oder Dein Kind auf dem Weg zu [&hellip;]","og_url":"https:\/\/familien-kinder-coach.de\/","og_site_name":"Hilfe f\u00fcr die Kleinen und die Gro\u00dfen","article_modified_time":"2025-12-07T18:30:52+00:00","og_image":[{"width":720,"height":960,"url":"https:\/\/familien-kinder-coach.de\/wp-content\/uploads\/2025\/12\/6597.jpg","type":"image\/jpeg"}],"twitter_card":"summary_large_image","twitter_misc":{"Gesch\u00e4tzte Lesezeit":"3\u00a0Minuten"},"schema":{"@context":"https:\/\/schema.org","@graph":[{"@type":"WebPage","@id":"https:\/\/familien-kinder-coach.de\/","url":"https:\/\/familien-kinder-coach.de\/","name":"Euren Weg finden - Hilfe f\u00fcr die Kleinen und die Gro\u00dfen","isPartOf":{"@id":"https:\/\/familien-kinder-coach.de\/#website"},"primaryImageOfPage":{"@id":"https:\/\/familien-kinder-coach.de\/#primaryimage"},"image":{"@id":"https:\/\/familien-kinder-coach.de\/#primaryimage"},"thumbnailUrl":"https:\/\/familien-kinder-coach.de\/wp-content\/uploads\/2025\/12\/6597.jpg","datePublished":"2025-08-17T18:56:22+00:00","dateModified":"2025-12-07T18:30:52+00:00","breadcrumb":{"@id":"https:\/\/familien-kinder-coach.de\/#breadcrumb"},"inLanguage":"de","potentialAction":[{"@type":"ReadAction","target":["https:\/\/familien-kinder-coach.de\/"]}]},{"@type":"ImageObject","inLanguage":"de","@id":"https:\/\/familien-kinder-coach.de\/#primaryimage","url":"https:\/\/familien-kinder-coach.de\/wp-content\/uploads\/2025\/12\/6597.jpg","contentUrl":"https:\/\/familien-kinder-coach.de\/wp-content\/uploads\/2025\/12\/6597.jpg","width":720,"height":960},{"@type":"BreadcrumbList","@id":"https:\/\/familien-kinder-coach.de\/#breadcrumb","itemListElement":[{"@type":"ListItem","position":1,"name":"Startseite","item":"https:\/\/familien-kinder-coach.de\/"},{"@type":"ListItem","position":2,"name":"Euren Weg finden"}]},{"@type":"WebSite","@id":"https:\/\/familien-kinder-coach.de\/#website","url":"https:\/\/familien-kinder-coach.de\/","name":"Familien Kinder Coach Maifeld","description":"","potentialAction":[{"@type":"SearchAction","target":{"@type":"EntryPoint","urlTemplate":"https:\/\/familien-kinder-coach.de\/?s={search_term_string}"},"query-input":{"@type":"PropertyValueSpecification","valueRequired":true,"valueName":"search_term_string"}}],"inLanguage":"de"}]}},"_links":{"self":[{"href":"https:\/\/familien-kinder-coach.de\/index.php?rest_route=\/wp\/v2\/pages\/380","targetHints":{"allow":["GET"]}}],"collection":[{"href":"https:\/\/familien-kinder-coach.de\/index.php?rest_route=\/wp\/v2\/pages"}],"about":[{"href":"https:\/\/familien-kinder-coach.de\/index.php?rest_route=\/wp\/v2\/types\/page"}],"author":[{"embeddable":true,"href":"https:\/\/familien-kinder-coach.de\/index.php?rest_route=\/wp\/v2\/users\/1"}],"replies":[{"embeddable":true,"href":"https:\/\/familien-kinder-coach.de\/index.php?rest_route=%2Fwp%2Fv2%2Fcomments&post=380"}],"version-history":[{"count":13,"href":"https:\/\/familien-kinder-coach.de\/index.php?rest_route=\/wp\/v2\/pages\/380\/revisions"}],"predecessor-version":[{"id":410,"href":"https:\/\/familien-kinder-coach.de\/index.php?rest_route=\/wp\/v2\/pages\/380\/revisions\/410"}],"wp:attachment":[{"href":"https:\/\/familien-kinder-coach.de\/index.php?rest_route=%2Fwp%2Fv2%2Fmedia&parent=380"}],"curies":[{"name":"wp","href":"https:\/\/api.w.org\/{rel}","templated":true}]}}