{"id":337,"date":"2025-07-21T16:34:31","date_gmt":"2025-07-21T16:34:31","guid":{"rendered":"https:\/\/familien-kinder-coach.de\/?page_id=337"},"modified":"2025-07-22T00:27:12","modified_gmt":"2025-07-22T00:27:12","slug":"online-beratung","status":"publish","type":"page","link":"https:\/\/familien-kinder-coach.de\/?page_id=337","title":{"rendered":"Online-Beratung"},"content":{"rendered":"\n<p>Alle von mir angebotenen Methoden funktionieren auch \u00fcber ein Online-Coaching. Wir treten dazu \u00fcber Videochat (Skype) in Kontakt und k\u00f6nnen ebenso gut \u00fcber die Ferne an Deinen Themen arbeiten. Der Yager Code l\u00e4sst sich ebenfalls einwandfrei \u00fcber Videochat und Telefon anwenden. <\/p>\n\n\n\n<div class=\"wp-block-media-text is-stacked-on-mobile\" style=\"grid-template-columns:38% auto\"><figure class=\"wp-block-media-text__media\"><img loading=\"lazy\" decoding=\"async\" width=\"575\" height=\"1024\" src=\"https:\/\/familien-kinder-coach.de\/wp-content\/uploads\/2025\/07\/1000067004-575x1024.jpg\" alt=\"\" class=\"wp-image-345 size-full\" srcset=\"https:\/\/familien-kinder-coach.de\/wp-content\/uploads\/2025\/07\/1000067004-575x1024.jpg 575w, https:\/\/familien-kinder-coach.de\/wp-content\/uploads\/2025\/07\/1000067004-169x300.jpg 169w, https:\/\/familien-kinder-coach.de\/wp-content\/uploads\/2025\/07\/1000067004-768x1367.jpg 768w, https:\/\/familien-kinder-coach.de\/wp-content\/uploads\/2025\/07\/1000067004.jpg 843w\" sizes=\"auto, (max-width: 575px) 100vw, 575px\" \/><\/figure><div class=\"wp-block-media-text__content\">\n<p>Also falls Dir die Entfernung zu meiner Praxis zu weit ist, melde Dich gerne zu einem kostenlosen Erstgespr\u00e4ch \u00fcber Skype bei mir. Wenn Du kein Skype hast, dann k\u00f6nnen wir auch Zoom benutzen. Daf\u00fcr musst Du nichtmal irgendetwas installieren.<\/p>\n<\/div><\/div>\n","protected":false},"excerpt":{"rendered":"<p>Alle von mir angebotenen Methoden funktionieren auch \u00fcber ein Online-Coaching. Wir treten dazu \u00fcber Videochat (Skype) in Kontakt und k\u00f6nnen ebenso gut \u00fcber die Ferne an Deinen Themen arbeiten. Der Yager Code l\u00e4sst sich ebenfalls einwandfrei \u00fcber Videochat und Telefon anwenden. Also falls Dir die Entfernung zu meiner Praxis zu weit ist, melde Dich gerne [&hellip;]<\/p>\n","protected":false},"author":1,"featured_media":0,"parent":0,"menu_order":0,"comment_status":"closed","ping_status":"closed","template":"","meta":{"footnotes":""},"class_list":["post-337","page","type-page","status-publish","hentry"],"yoast_head":"<!-- This site is optimized with the Yoast SEO plugin v27.5 - https:\/\/yoast.com\/product\/yoast-seo-wordpress\/ -->\n<title>Online-Beratung - Hilfe f\u00fcr die Kleinen und die Gro\u00dfen<\/title>\n<meta name=\"robots\" content=\"index, follow, max-snippet:-1, max-image-preview:large, max-video-preview:-1\" \/>\n<link rel=\"canonical\" href=\"https:\/\/familien-kinder-coach.de\/?page_id=337\" \/>\n<meta property=\"og:locale\" content=\"de_DE\" \/>\n<meta property=\"og:type\" content=\"article\" \/>\n<meta property=\"og:title\" content=\"Online-Beratung - Hilfe f\u00fcr die Kleinen und die Gro\u00dfen\" \/>\n<meta property=\"og:description\" content=\"Alle von mir angebotenen Methoden funktionieren auch \u00fcber ein Online-Coaching. Wir treten dazu \u00fcber Videochat (Skype) in Kontakt und k\u00f6nnen ebenso gut \u00fcber die Ferne an Deinen Themen arbeiten. Der Yager Code l\u00e4sst sich ebenfalls einwandfrei \u00fcber Videochat und Telefon anwenden. Also falls Dir die Entfernung zu meiner Praxis zu weit ist, melde Dich gerne [&hellip;]\" \/>\n<meta property=\"og:url\" content=\"https:\/\/familien-kinder-coach.de\/?page_id=337\" \/>\n<meta property=\"og:site_name\" content=\"Hilfe f\u00fcr die Kleinen und die Gro\u00dfen\" \/>\n<meta property=\"article:modified_time\" content=\"2025-07-22T00:27:12+00:00\" \/>\n<meta property=\"og:image\" content=\"https:\/\/familien-kinder-coach.de\/wp-content\/uploads\/2025\/07\/1000067004.jpg\" \/>\n\t<meta property=\"og:image:width\" content=\"843\" \/>\n\t<meta property=\"og:image:height\" content=\"1500\" \/>\n\t<meta property=\"og:image:type\" content=\"image\/jpeg\" \/>\n<meta name=\"twitter:card\" content=\"summary_large_image\" \/>\n<script type=\"application\/ld+json\" class=\"yoast-schema-graph\">{\"@context\":\"https:\\\/\\\/schema.org\",\"@graph\":[{\"@type\":\"WebPage\",\"@id\":\"https:\\\/\\\/familien-kinder-coach.de\\\/?page_id=337\",\"url\":\"https:\\\/\\\/familien-kinder-coach.de\\\/?page_id=337\",\"name\":\"Online-Beratung - Hilfe f\u00fcr die Kleinen und die Gro\u00dfen\",\"isPartOf\":{\"@id\":\"https:\\\/\\\/familien-kinder-coach.de\\\/#website\"},\"primaryImageOfPage\":{\"@id\":\"https:\\\/\\\/familien-kinder-coach.de\\\/?page_id=337#primaryimage\"},\"image\":{\"@id\":\"https:\\\/\\\/familien-kinder-coach.de\\\/?page_id=337#primaryimage\"},\"thumbnailUrl\":\"https:\\\/\\\/familien-kinder-coach.de\\\/wp-content\\\/uploads\\\/2025\\\/07\\\/1000067004-575x1024.jpg\",\"datePublished\":\"2025-07-21T16:34:31+00:00\",\"dateModified\":\"2025-07-22T00:27:12+00:00\",\"breadcrumb\":{\"@id\":\"https:\\\/\\\/familien-kinder-coach.de\\\/?page_id=337#breadcrumb\"},\"inLanguage\":\"de\",\"potentialAction\":[{\"@type\":\"ReadAction\",\"target\":[\"https:\\\/\\\/familien-kinder-coach.de\\\/?page_id=337\"]}]},{\"@type\":\"ImageObject\",\"inLanguage\":\"de\",\"@id\":\"https:\\\/\\\/familien-kinder-coach.de\\\/?page_id=337#primaryimage\",\"url\":\"https:\\\/\\\/familien-kinder-coach.de\\\/wp-content\\\/uploads\\\/2025\\\/07\\\/1000067004.jpg\",\"contentUrl\":\"https:\\\/\\\/familien-kinder-coach.de\\\/wp-content\\\/uploads\\\/2025\\\/07\\\/1000067004.jpg\",\"width\":843,\"height\":1500},{\"@type\":\"BreadcrumbList\",\"@id\":\"https:\\\/\\\/familien-kinder-coach.de\\\/?page_id=337#breadcrumb\",\"itemListElement\":[{\"@type\":\"ListItem\",\"position\":1,\"name\":\"Startseite\",\"item\":\"https:\\\/\\\/familien-kinder-coach.de\\\/\"},{\"@type\":\"ListItem\",\"position\":2,\"name\":\"Online-Beratung\"}]},{\"@type\":\"WebSite\",\"@id\":\"https:\\\/\\\/familien-kinder-coach.de\\\/#website\",\"url\":\"https:\\\/\\\/familien-kinder-coach.de\\\/\",\"name\":\"Familien Kinder Coach Maifeld\",\"description\":\"\",\"potentialAction\":[{\"@type\":\"SearchAction\",\"target\":{\"@type\":\"EntryPoint\",\"urlTemplate\":\"https:\\\/\\\/familien-kinder-coach.de\\\/?s={search_term_string}\"},\"query-input\":{\"@type\":\"PropertyValueSpecification\",\"valueRequired\":true,\"valueName\":\"search_term_string\"}}],\"inLanguage\":\"de\"}]}<\/script>\n<!-- \/ Yoast SEO plugin. -->","yoast_head_json":{"title":"Online-Beratung - Hilfe f\u00fcr die Kleinen und die Gro\u00dfen","robots":{"index":"index","follow":"follow","max-snippet":"max-snippet:-1","max-image-preview":"max-image-preview:large","max-video-preview":"max-video-preview:-1"},"canonical":"https:\/\/familien-kinder-coach.de\/?page_id=337","og_locale":"de_DE","og_type":"article","og_title":"Online-Beratung - Hilfe f\u00fcr die Kleinen und die Gro\u00dfen","og_description":"Alle von mir angebotenen Methoden funktionieren auch \u00fcber ein Online-Coaching. Wir treten dazu \u00fcber Videochat (Skype) in Kontakt und k\u00f6nnen ebenso gut \u00fcber die Ferne an Deinen Themen arbeiten. Der Yager Code l\u00e4sst sich ebenfalls einwandfrei \u00fcber Videochat und Telefon anwenden. Also falls Dir die Entfernung zu meiner Praxis zu weit ist, melde Dich gerne [&hellip;]","og_url":"https:\/\/familien-kinder-coach.de\/?page_id=337","og_site_name":"Hilfe f\u00fcr die Kleinen und die Gro\u00dfen","article_modified_time":"2025-07-22T00:27:12+00:00","og_image":[{"width":843,"height":1500,"url":"https:\/\/familien-kinder-coach.de\/wp-content\/uploads\/2025\/07\/1000067004.jpg","type":"image\/jpeg"}],"twitter_card":"summary_large_image","schema":{"@context":"https:\/\/schema.org","@graph":[{"@type":"WebPage","@id":"https:\/\/familien-kinder-coach.de\/?page_id=337","url":"https:\/\/familien-kinder-coach.de\/?page_id=337","name":"Online-Beratung - Hilfe f\u00fcr die Kleinen und die Gro\u00dfen","isPartOf":{"@id":"https:\/\/familien-kinder-coach.de\/#website"},"primaryImageOfPage":{"@id":"https:\/\/familien-kinder-coach.de\/?page_id=337#primaryimage"},"image":{"@id":"https:\/\/familien-kinder-coach.de\/?page_id=337#primaryimage"},"thumbnailUrl":"https:\/\/familien-kinder-coach.de\/wp-content\/uploads\/2025\/07\/1000067004-575x1024.jpg","datePublished":"2025-07-21T16:34:31+00:00","dateModified":"2025-07-22T00:27:12+00:00","breadcrumb":{"@id":"https:\/\/familien-kinder-coach.de\/?page_id=337#breadcrumb"},"inLanguage":"de","potentialAction":[{"@type":"ReadAction","target":["https:\/\/familien-kinder-coach.de\/?page_id=337"]}]},{"@type":"ImageObject","inLanguage":"de","@id":"https:\/\/familien-kinder-coach.de\/?page_id=337#primaryimage","url":"https:\/\/familien-kinder-coach.de\/wp-content\/uploads\/2025\/07\/1000067004.jpg","contentUrl":"https:\/\/familien-kinder-coach.de\/wp-content\/uploads\/2025\/07\/1000067004.jpg","width":843,"height":1500},{"@type":"BreadcrumbList","@id":"https:\/\/familien-kinder-coach.de\/?page_id=337#breadcrumb","itemListElement":[{"@type":"ListItem","position":1,"name":"Startseite","item":"https:\/\/familien-kinder-coach.de\/"},{"@type":"ListItem","position":2,"name":"Online-Beratung"}]},{"@type":"WebSite","@id":"https:\/\/familien-kinder-coach.de\/#website","url":"https:\/\/familien-kinder-coach.de\/","name":"Familien Kinder Coach Maifeld","description":"","potentialAction":[{"@type":"SearchAction","target":{"@type":"EntryPoint","urlTemplate":"https:\/\/familien-kinder-coach.de\/?s={search_term_string}"},"query-input":{"@type":"PropertyValueSpecification","valueRequired":true,"valueName":"search_term_string"}}],"inLanguage":"de"}]}},"_links":{"self":[{"href":"https:\/\/familien-kinder-coach.de\/index.php?rest_route=\/wp\/v2\/pages\/337","targetHints":{"allow":["GET"]}}],"collection":[{"href":"https:\/\/familien-kinder-coach.de\/index.php?rest_route=\/wp\/v2\/pages"}],"about":[{"href":"https:\/\/familien-kinder-coach.de\/index.php?rest_route=\/wp\/v2\/types\/page"}],"author":[{"embeddable":true,"href":"https:\/\/familien-kinder-coach.de\/index.php?rest_route=\/wp\/v2\/users\/1"}],"replies":[{"embeddable":true,"href":"https:\/\/familien-kinder-coach.de\/index.php?rest_route=%2Fwp%2Fv2%2Fcomments&post=337"}],"version-history":[{"count":2,"href":"https:\/\/familien-kinder-coach.de\/index.php?rest_route=\/wp\/v2\/pages\/337\/revisions"}],"predecessor-version":[{"id":346,"href":"https:\/\/familien-kinder-coach.de\/index.php?rest_route=\/wp\/v2\/pages\/337\/revisions\/346"}],"wp:attachment":[{"href":"https:\/\/familien-kinder-coach.de\/index.php?rest_route=%2Fwp%2Fv2%2Fmedia&parent=337"}],"curies":[{"name":"wp","href":"https:\/\/api.w.org\/{rel}","templated":true}]}}