{"id":291,"date":"2025-01-26T14:32:51","date_gmt":"2025-01-26T14:32:51","guid":{"rendered":"https:\/\/familien-kinder-coach.de\/?page_id=291"},"modified":"2026-01-31T08:07:07","modified_gmt":"2026-01-31T08:07:07","slug":"ernaehrungsberatung","status":"publish","type":"page","link":"https:\/\/familien-kinder-coach.de\/?page_id=291","title":{"rendered":"Ern\u00e4hrungsberatung"},"content":{"rendered":"\n<p>Im Laufe meines Lebens hatte ich eine Phase, in der ich chronisch erkrankt bin und zwar derart, dass die \u00c4rzte mir starke Medikamente empfahlen, die ich mein Leben lang nehmen sollte, weil diese Krankheiten (es waren mehrere Autoimmunkrankheiten) nicht heilbar seien. Da ich mich damit nicht abfinden konnte und wollte, machte ich mich auf die Suche nach Alternativen. Auch bei der Alternativmedizin fand ich keine wirklich durchschlagende Hilfe. <\/p>\n\n\n\n<div class=\"wp-block-media-text is-stacked-on-mobile\" style=\"grid-template-columns:30% auto\"><figure class=\"wp-block-media-text__media\"><img loading=\"lazy\" decoding=\"async\" width=\"720\" height=\"960\" src=\"https:\/\/familien-kinder-coach.de\/wp-content\/uploads\/2025\/07\/7f305d16-9010-4fe4-bc41-d38c98560597.jpg\" alt=\"\" class=\"wp-image-362 size-full\" srcset=\"https:\/\/familien-kinder-coach.de\/wp-content\/uploads\/2025\/07\/7f305d16-9010-4fe4-bc41-d38c98560597.jpg 720w, https:\/\/familien-kinder-coach.de\/wp-content\/uploads\/2025\/07\/7f305d16-9010-4fe4-bc41-d38c98560597-225x300.jpg 225w\" sizes=\"auto, (max-width: 720px) 100vw, 720px\" \/><\/figure><div class=\"wp-block-media-text__content\">\n<p>Dann stie\u00df ich auf die heilsame Ern\u00e4hrung nach Anthony William. Diese Ern\u00e4hrungsform mit Heilelixieren aus Pflanzen, Kr\u00e4utern und Obst und einer Anleitung, wie chronische Krankheit entsteht und welche Nahrungsmittel positiv und negativ auf die Ursachen dieser Krankheiten wirken, hat mich von all meinen chronischen Beschwerden befreit und dieses Wissen aus seinen vielen B\u00fcchern gebe ich seit einiger Zeit auch in Form von Coachings weiter. Weitere Infos findet Ihr in meinem Blog <a href=\"http:\/\/www.no-longer.de\">http:\/\/www.no-longer.de<\/a> in dem ich noch etwas detaillierter auf die einzelnen Komponenten eingehen, die mich am Ende wieder gesund gemacht haben.<\/p>\n<\/div><\/div>\n\n\n\n<p>Wenn du dich f\u00fcr diese heilsame Ern\u00e4hrungsform interessierst, melde dich gerne bei mir und vereinbare einen Termin.<\/p>\n\n\n\n<p>Eine der Hauptmittel dieser heilsamen Ern\u00e4hrung ist sich der Selleriesaft, den man morgens frisch presst und auf n\u00fcchternen Magen trinkt. Ein kleines Video vom Autor der vielen B\u00fccher zum Thema Selleriesaft:<\/p>\n\n\n\n<figure class=\"wp-block-embed is-type-video is-provider-youtube wp-block-embed-youtube wp-embed-aspect-16-9 wp-has-aspect-ratio\"><div class=\"wp-block-embed__wrapper\">\n<iframe loading=\"lazy\" title=\"Celery Juice Can Save Your Life\" width=\"640\" height=\"360\" src=\"https:\/\/www.youtube.com\/embed\/tScF4IrG95U?feature=oembed\" frameborder=\"0\" allow=\"accelerometer; autoplay; clipboard-write; encrypted-media; gyroscope; picture-in-picture; web-share\" referrerpolicy=\"strict-origin-when-cross-origin\" allowfullscreen><\/iframe>\n<\/div><\/figure>\n\n\n\n<div class=\"wp-block-buttons is-layout-flex wp-block-buttons-is-layout-flex\"><\/div>\n","protected":false},"excerpt":{"rendered":"<p>Im Laufe meines Lebens hatte ich eine Phase, in der ich chronisch erkrankt bin und zwar derart, dass die \u00c4rzte mir starke Medikamente empfahlen, die ich mein Leben lang nehmen sollte, weil diese Krankheiten (es waren mehrere Autoimmunkrankheiten) nicht heilbar seien. Da ich mich damit nicht abfinden konnte und wollte, machte ich mich auf die [&hellip;]<\/p>\n","protected":false},"author":1,"featured_media":0,"parent":0,"menu_order":0,"comment_status":"closed","ping_status":"closed","template":"","meta":{"footnotes":""},"class_list":["post-291","page","type-page","status-publish","hentry"],"yoast_head":"<!-- This site is optimized with the Yoast SEO plugin v27.5 - https:\/\/yoast.com\/product\/yoast-seo-wordpress\/ -->\n<title>Ern\u00e4hrungsberatung - Hilfe f\u00fcr die Kleinen und die Gro\u00dfen<\/title>\n<meta name=\"robots\" content=\"index, follow, max-snippet:-1, max-image-preview:large, max-video-preview:-1\" \/>\n<link rel=\"canonical\" href=\"https:\/\/familien-kinder-coach.de\/?page_id=291\" \/>\n<meta property=\"og:locale\" content=\"de_DE\" \/>\n<meta property=\"og:type\" content=\"article\" \/>\n<meta property=\"og:title\" content=\"Ern\u00e4hrungsberatung - Hilfe f\u00fcr die Kleinen und die Gro\u00dfen\" \/>\n<meta property=\"og:description\" content=\"Im Laufe meines Lebens hatte ich eine Phase, in der ich chronisch erkrankt bin und zwar derart, dass die \u00c4rzte mir starke Medikamente empfahlen, die ich mein Leben lang nehmen sollte, weil diese Krankheiten (es waren mehrere Autoimmunkrankheiten) nicht heilbar seien. Da ich mich damit nicht abfinden konnte und wollte, machte ich mich auf die [&hellip;]\" \/>\n<meta property=\"og:url\" content=\"https:\/\/familien-kinder-coach.de\/?page_id=291\" \/>\n<meta property=\"og:site_name\" content=\"Hilfe f\u00fcr die Kleinen und die Gro\u00dfen\" \/>\n<meta property=\"article:modified_time\" content=\"2026-01-31T08:07:07+00:00\" \/>\n<meta property=\"og:image\" content=\"https:\/\/familien-kinder-coach.de\/wp-content\/uploads\/2025\/07\/7f305d16-9010-4fe4-bc41-d38c98560597.jpg\" \/>\n\t<meta property=\"og:image:width\" content=\"720\" \/>\n\t<meta property=\"og:image:height\" content=\"960\" \/>\n\t<meta property=\"og:image:type\" content=\"image\/jpeg\" \/>\n<meta name=\"twitter:card\" content=\"summary_large_image\" \/>\n<meta name=\"twitter:label1\" content=\"Gesch\u00e4tzte Lesezeit\" \/>\n\t<meta name=\"twitter:data1\" content=\"2\u00a0Minuten\" \/>\n<script type=\"application\/ld+json\" class=\"yoast-schema-graph\">{\"@context\":\"https:\\\/\\\/schema.org\",\"@graph\":[{\"@type\":\"WebPage\",\"@id\":\"https:\\\/\\\/familien-kinder-coach.de\\\/?page_id=291\",\"url\":\"https:\\\/\\\/familien-kinder-coach.de\\\/?page_id=291\",\"name\":\"Ern\u00e4hrungsberatung - Hilfe f\u00fcr die Kleinen und die Gro\u00dfen\",\"isPartOf\":{\"@id\":\"https:\\\/\\\/familien-kinder-coach.de\\\/#website\"},\"primaryImageOfPage\":{\"@id\":\"https:\\\/\\\/familien-kinder-coach.de\\\/?page_id=291#primaryimage\"},\"image\":{\"@id\":\"https:\\\/\\\/familien-kinder-coach.de\\\/?page_id=291#primaryimage\"},\"thumbnailUrl\":\"https:\\\/\\\/familien-kinder-coach.de\\\/wp-content\\\/uploads\\\/2025\\\/07\\\/7f305d16-9010-4fe4-bc41-d38c98560597.jpg\",\"datePublished\":\"2025-01-26T14:32:51+00:00\",\"dateModified\":\"2026-01-31T08:07:07+00:00\",\"breadcrumb\":{\"@id\":\"https:\\\/\\\/familien-kinder-coach.de\\\/?page_id=291#breadcrumb\"},\"inLanguage\":\"de\",\"potentialAction\":[{\"@type\":\"ReadAction\",\"target\":[\"https:\\\/\\\/familien-kinder-coach.de\\\/?page_id=291\"]}]},{\"@type\":\"ImageObject\",\"inLanguage\":\"de\",\"@id\":\"https:\\\/\\\/familien-kinder-coach.de\\\/?page_id=291#primaryimage\",\"url\":\"https:\\\/\\\/familien-kinder-coach.de\\\/wp-content\\\/uploads\\\/2025\\\/07\\\/7f305d16-9010-4fe4-bc41-d38c98560597.jpg\",\"contentUrl\":\"https:\\\/\\\/familien-kinder-coach.de\\\/wp-content\\\/uploads\\\/2025\\\/07\\\/7f305d16-9010-4fe4-bc41-d38c98560597.jpg\",\"width\":720,\"height\":960},{\"@type\":\"BreadcrumbList\",\"@id\":\"https:\\\/\\\/familien-kinder-coach.de\\\/?page_id=291#breadcrumb\",\"itemListElement\":[{\"@type\":\"ListItem\",\"position\":1,\"name\":\"Startseite\",\"item\":\"https:\\\/\\\/familien-kinder-coach.de\\\/\"},{\"@type\":\"ListItem\",\"position\":2,\"name\":\"Ern\u00e4hrungsberatung\"}]},{\"@type\":\"WebSite\",\"@id\":\"https:\\\/\\\/familien-kinder-coach.de\\\/#website\",\"url\":\"https:\\\/\\\/familien-kinder-coach.de\\\/\",\"name\":\"Familien Kinder Coach Maifeld\",\"description\":\"\",\"potentialAction\":[{\"@type\":\"SearchAction\",\"target\":{\"@type\":\"EntryPoint\",\"urlTemplate\":\"https:\\\/\\\/familien-kinder-coach.de\\\/?s={search_term_string}\"},\"query-input\":{\"@type\":\"PropertyValueSpecification\",\"valueRequired\":true,\"valueName\":\"search_term_string\"}}],\"inLanguage\":\"de\"}]}<\/script>\n<!-- \/ Yoast SEO plugin. -->","yoast_head_json":{"title":"Ern\u00e4hrungsberatung - Hilfe f\u00fcr die Kleinen und die Gro\u00dfen","robots":{"index":"index","follow":"follow","max-snippet":"max-snippet:-1","max-image-preview":"max-image-preview:large","max-video-preview":"max-video-preview:-1"},"canonical":"https:\/\/familien-kinder-coach.de\/?page_id=291","og_locale":"de_DE","og_type":"article","og_title":"Ern\u00e4hrungsberatung - Hilfe f\u00fcr die Kleinen und die Gro\u00dfen","og_description":"Im Laufe meines Lebens hatte ich eine Phase, in der ich chronisch erkrankt bin und zwar derart, dass die \u00c4rzte mir starke Medikamente empfahlen, die ich mein Leben lang nehmen sollte, weil diese Krankheiten (es waren mehrere Autoimmunkrankheiten) nicht heilbar seien. Da ich mich damit nicht abfinden konnte und wollte, machte ich mich auf die [&hellip;]","og_url":"https:\/\/familien-kinder-coach.de\/?page_id=291","og_site_name":"Hilfe f\u00fcr die Kleinen und die Gro\u00dfen","article_modified_time":"2026-01-31T08:07:07+00:00","og_image":[{"width":720,"height":960,"url":"https:\/\/familien-kinder-coach.de\/wp-content\/uploads\/2025\/07\/7f305d16-9010-4fe4-bc41-d38c98560597.jpg","type":"image\/jpeg"}],"twitter_card":"summary_large_image","twitter_misc":{"Gesch\u00e4tzte Lesezeit":"2\u00a0Minuten"},"schema":{"@context":"https:\/\/schema.org","@graph":[{"@type":"WebPage","@id":"https:\/\/familien-kinder-coach.de\/?page_id=291","url":"https:\/\/familien-kinder-coach.de\/?page_id=291","name":"Ern\u00e4hrungsberatung - Hilfe f\u00fcr die Kleinen und die Gro\u00dfen","isPartOf":{"@id":"https:\/\/familien-kinder-coach.de\/#website"},"primaryImageOfPage":{"@id":"https:\/\/familien-kinder-coach.de\/?page_id=291#primaryimage"},"image":{"@id":"https:\/\/familien-kinder-coach.de\/?page_id=291#primaryimage"},"thumbnailUrl":"https:\/\/familien-kinder-coach.de\/wp-content\/uploads\/2025\/07\/7f305d16-9010-4fe4-bc41-d38c98560597.jpg","datePublished":"2025-01-26T14:32:51+00:00","dateModified":"2026-01-31T08:07:07+00:00","breadcrumb":{"@id":"https:\/\/familien-kinder-coach.de\/?page_id=291#breadcrumb"},"inLanguage":"de","potentialAction":[{"@type":"ReadAction","target":["https:\/\/familien-kinder-coach.de\/?page_id=291"]}]},{"@type":"ImageObject","inLanguage":"de","@id":"https:\/\/familien-kinder-coach.de\/?page_id=291#primaryimage","url":"https:\/\/familien-kinder-coach.de\/wp-content\/uploads\/2025\/07\/7f305d16-9010-4fe4-bc41-d38c98560597.jpg","contentUrl":"https:\/\/familien-kinder-coach.de\/wp-content\/uploads\/2025\/07\/7f305d16-9010-4fe4-bc41-d38c98560597.jpg","width":720,"height":960},{"@type":"BreadcrumbList","@id":"https:\/\/familien-kinder-coach.de\/?page_id=291#breadcrumb","itemListElement":[{"@type":"ListItem","position":1,"name":"Startseite","item":"https:\/\/familien-kinder-coach.de\/"},{"@type":"ListItem","position":2,"name":"Ern\u00e4hrungsberatung"}]},{"@type":"WebSite","@id":"https:\/\/familien-kinder-coach.de\/#website","url":"https:\/\/familien-kinder-coach.de\/","name":"Familien Kinder Coach Maifeld","description":"","potentialAction":[{"@type":"SearchAction","target":{"@type":"EntryPoint","urlTemplate":"https:\/\/familien-kinder-coach.de\/?s={search_term_string}"},"query-input":{"@type":"PropertyValueSpecification","valueRequired":true,"valueName":"search_term_string"}}],"inLanguage":"de"}]}},"_links":{"self":[{"href":"https:\/\/familien-kinder-coach.de\/index.php?rest_route=\/wp\/v2\/pages\/291","targetHints":{"allow":["GET"]}}],"collection":[{"href":"https:\/\/familien-kinder-coach.de\/index.php?rest_route=\/wp\/v2\/pages"}],"about":[{"href":"https:\/\/familien-kinder-coach.de\/index.php?rest_route=\/wp\/v2\/types\/page"}],"author":[{"embeddable":true,"href":"https:\/\/familien-kinder-coach.de\/index.php?rest_route=\/wp\/v2\/users\/1"}],"replies":[{"embeddable":true,"href":"https:\/\/familien-kinder-coach.de\/index.php?rest_route=%2Fwp%2Fv2%2Fcomments&post=291"}],"version-history":[{"count":4,"href":"https:\/\/familien-kinder-coach.de\/index.php?rest_route=\/wp\/v2\/pages\/291\/revisions"}],"predecessor-version":[{"id":413,"href":"https:\/\/familien-kinder-coach.de\/index.php?rest_route=\/wp\/v2\/pages\/291\/revisions\/413"}],"wp:attachment":[{"href":"https:\/\/familien-kinder-coach.de\/index.php?rest_route=%2Fwp%2Fv2%2Fmedia&parent=291"}],"curies":[{"name":"wp","href":"https:\/\/api.w.org\/{rel}","templated":true}]}}