{"id":281,"date":"2025-01-26T13:07:28","date_gmt":"2025-01-26T13:07:28","guid":{"rendered":"https:\/\/familien-kinder-coach.de\/?page_id=281"},"modified":"2025-07-21T15:34:24","modified_gmt":"2025-07-21T15:34:24","slug":"die-yager-therapie","status":"publish","type":"page","link":"https:\/\/familien-kinder-coach.de\/?page_id=281","title":{"rendered":"Die Yager Therapie"},"content":{"rendered":"\n<p>Die Yager Therapie ist eine Methode, die von dem US-Amerikaner Dr. Edwin Yager entwickelt wurde. Seit seinem Tod wird sie von Dr. Norbert Preetz am Deutschen Institut f\u00fcr klinische Hypnose gelehrt, an dem ich auch meine Ausbildung gemacht habe.<\/p>\n\n\n\n<p>Die Yager Therapie oder auch Yager Code genannt arbeitet mit einem sehr intelligenten Teil des menschlichen Bewusstseins an Konditionierungen, die in der Vergangenheit entstanden sind und im Leben der Klienten in der Gegenwart Probleme wie \u00c4ngste, Panikst\u00f6rungen, Zw\u00e4nge, Depressionen und viele andere Schwierigkeiten mehr verursachen. Die Behandlung erfolgt in einer entspannten Atmosph\u00e4re und es ist nicht erforderlich, die genauen Ursachen zu benennen, da die Methode so konzipiert ist, den Klienten nicht erneut zu konfrontieren, sondern die Konditionierungen sanft \u00fcber das h\u00f6here Bewusstsein zu l\u00f6sen. <\/p>\n\n\n\n<figure class=\"wp-block-image size-full\"><a href=\"https:\/\/www.preetz-hypnose.de\/yager-code\/\" target=\"_blank\" rel=\" noreferrer noopener\"><img loading=\"lazy\" decoding=\"async\" width=\"481\" height=\"481\" src=\"https:\/\/familien-kinder-coach.de\/wp-content\/uploads\/2025\/01\/yager2.jpg\" alt=\"\" class=\"wp-image-294\" srcset=\"https:\/\/familien-kinder-coach.de\/wp-content\/uploads\/2025\/01\/yager2.jpg 481w, https:\/\/familien-kinder-coach.de\/wp-content\/uploads\/2025\/01\/yager2-300x300.jpg 300w, https:\/\/familien-kinder-coach.de\/wp-content\/uploads\/2025\/01\/yager2-150x150.jpg 150w\" sizes=\"auto, (max-width: 481px) 100vw, 481px\" \/><\/a><\/figure>\n\n\n\n<p>In der Regel braucht es f\u00fcr ein Problem, z.B. einer spezifischen Angst, nur einige Sitzungen und dauert nicht ewige Zeit, wie andere Therapieans\u00e4tze. In folgendem Video wird der Yager Code gut erkl\u00e4rt:<\/p>\n\n\n\n<figure class=\"wp-block-embed is-type-video is-provider-youtube wp-block-embed-youtube wp-embed-aspect-16-9 wp-has-aspect-ratio\"><div class=\"wp-block-embed__wrapper\">\n<iframe loading=\"lazy\" title=\"Der Yager Code - So einfach geht Blockaden l\u00f6sen heute\" width=\"640\" height=\"360\" src=\"https:\/\/www.youtube.com\/embed\/1zj14WVT9N8?feature=oembed\" frameborder=\"0\" allow=\"accelerometer; autoplay; clipboard-write; encrypted-media; gyroscope; picture-in-picture; web-share\" referrerpolicy=\"strict-origin-when-cross-origin\" allowfullscreen><\/iframe>\n<\/div><\/figure>\n\n\n\n<p>Probleme, bei denen der Yager Code helfen kann:<\/p>\n\n\n\n<ul class=\"wp-block-list\">\n<li>S\u00fcchten <\/li>\n\n\n\n<li>\u00c4ngsten, Panik, Phobien<\/li>\n\n\n\n<li>Verdauungsproblemen<\/li>\n\n\n\n<li>extremen Stimmungsschwankungen<\/li>\n\n\n\n<li>chronische Schmerzen (75 %)<\/li>\n\n\n\n<li>Stottern<\/li>\n\n\n\n<li>Asthma<\/li>\n\n\n\n<li>Allergien, Heuschnupfen<\/li>\n\n\n\n<li>Migr\u00e4ne<\/li>\n\n\n\n<li>einigen Demenzerscheinungen<\/li>\n\n\n\n<li>Schlafst\u00f6rungen<\/li>\n<\/ul>\n","protected":false},"excerpt":{"rendered":"<p>Die Yager Therapie ist eine Methode, die von dem US-Amerikaner Dr. Edwin Yager entwickelt wurde. Seit seinem Tod wird sie von Dr. Norbert Preetz am Deutschen Institut f\u00fcr klinische Hypnose gelehrt, an dem ich auch meine Ausbildung gemacht habe. Die Yager Therapie oder auch Yager Code genannt arbeitet mit einem sehr intelligenten Teil des menschlichen [&hellip;]<\/p>\n","protected":false},"author":1,"featured_media":0,"parent":0,"menu_order":0,"comment_status":"closed","ping_status":"closed","template":"","meta":{"footnotes":""},"class_list":["post-281","page","type-page","status-publish","hentry"],"yoast_head":"<!-- This site is optimized with the Yoast SEO plugin v27.5 - https:\/\/yoast.com\/product\/yoast-seo-wordpress\/ -->\n<title>Die Yager Therapie - Hilfe f\u00fcr die Kleinen und die Gro\u00dfen<\/title>\n<meta name=\"robots\" content=\"index, follow, max-snippet:-1, max-image-preview:large, max-video-preview:-1\" \/>\n<link rel=\"canonical\" href=\"https:\/\/familien-kinder-coach.de\/?page_id=281\" \/>\n<meta property=\"og:locale\" content=\"de_DE\" \/>\n<meta property=\"og:type\" content=\"article\" \/>\n<meta property=\"og:title\" content=\"Die Yager Therapie - Hilfe f\u00fcr die Kleinen und die Gro\u00dfen\" \/>\n<meta property=\"og:description\" content=\"Die Yager Therapie ist eine Methode, die von dem US-Amerikaner Dr. Edwin Yager entwickelt wurde. Seit seinem Tod wird sie von Dr. Norbert Preetz am Deutschen Institut f\u00fcr klinische Hypnose gelehrt, an dem ich auch meine Ausbildung gemacht habe. Die Yager Therapie oder auch Yager Code genannt arbeitet mit einem sehr intelligenten Teil des menschlichen [&hellip;]\" \/>\n<meta property=\"og:url\" content=\"https:\/\/familien-kinder-coach.de\/?page_id=281\" \/>\n<meta property=\"og:site_name\" content=\"Hilfe f\u00fcr die Kleinen und die Gro\u00dfen\" \/>\n<meta property=\"article:modified_time\" content=\"2025-07-21T15:34:24+00:00\" \/>\n<meta property=\"og:image\" content=\"https:\/\/familien-kinder-coach.de\/wp-content\/uploads\/2025\/01\/yager2.jpg\" \/>\n\t<meta property=\"og:image:width\" content=\"481\" \/>\n\t<meta property=\"og:image:height\" content=\"481\" \/>\n\t<meta property=\"og:image:type\" content=\"image\/jpeg\" \/>\n<meta name=\"twitter:card\" content=\"summary_large_image\" \/>\n<meta name=\"twitter:label1\" content=\"Gesch\u00e4tzte Lesezeit\" \/>\n\t<meta name=\"twitter:data1\" content=\"1\u00a0Minute\" \/>\n<script type=\"application\/ld+json\" class=\"yoast-schema-graph\">{\"@context\":\"https:\\\/\\\/schema.org\",\"@graph\":[{\"@type\":\"WebPage\",\"@id\":\"https:\\\/\\\/familien-kinder-coach.de\\\/?page_id=281\",\"url\":\"https:\\\/\\\/familien-kinder-coach.de\\\/?page_id=281\",\"name\":\"Die Yager Therapie - Hilfe f\u00fcr die Kleinen und die Gro\u00dfen\",\"isPartOf\":{\"@id\":\"https:\\\/\\\/familien-kinder-coach.de\\\/#website\"},\"primaryImageOfPage\":{\"@id\":\"https:\\\/\\\/familien-kinder-coach.de\\\/?page_id=281#primaryimage\"},\"image\":{\"@id\":\"https:\\\/\\\/familien-kinder-coach.de\\\/?page_id=281#primaryimage\"},\"thumbnailUrl\":\"https:\\\/\\\/familien-kinder-coach.de\\\/wp-content\\\/uploads\\\/2025\\\/01\\\/yager2.jpg\",\"datePublished\":\"2025-01-26T13:07:28+00:00\",\"dateModified\":\"2025-07-21T15:34:24+00:00\",\"breadcrumb\":{\"@id\":\"https:\\\/\\\/familien-kinder-coach.de\\\/?page_id=281#breadcrumb\"},\"inLanguage\":\"de\",\"potentialAction\":[{\"@type\":\"ReadAction\",\"target\":[\"https:\\\/\\\/familien-kinder-coach.de\\\/?page_id=281\"]}]},{\"@type\":\"ImageObject\",\"inLanguage\":\"de\",\"@id\":\"https:\\\/\\\/familien-kinder-coach.de\\\/?page_id=281#primaryimage\",\"url\":\"https:\\\/\\\/familien-kinder-coach.de\\\/wp-content\\\/uploads\\\/2025\\\/01\\\/yager2.jpg\",\"contentUrl\":\"https:\\\/\\\/familien-kinder-coach.de\\\/wp-content\\\/uploads\\\/2025\\\/01\\\/yager2.jpg\",\"width\":481,\"height\":481},{\"@type\":\"BreadcrumbList\",\"@id\":\"https:\\\/\\\/familien-kinder-coach.de\\\/?page_id=281#breadcrumb\",\"itemListElement\":[{\"@type\":\"ListItem\",\"position\":1,\"name\":\"Startseite\",\"item\":\"https:\\\/\\\/familien-kinder-coach.de\\\/\"},{\"@type\":\"ListItem\",\"position\":2,\"name\":\"Die Yager Therapie\"}]},{\"@type\":\"WebSite\",\"@id\":\"https:\\\/\\\/familien-kinder-coach.de\\\/#website\",\"url\":\"https:\\\/\\\/familien-kinder-coach.de\\\/\",\"name\":\"Familien Kinder Coach Maifeld\",\"description\":\"\",\"potentialAction\":[{\"@type\":\"SearchAction\",\"target\":{\"@type\":\"EntryPoint\",\"urlTemplate\":\"https:\\\/\\\/familien-kinder-coach.de\\\/?s={search_term_string}\"},\"query-input\":{\"@type\":\"PropertyValueSpecification\",\"valueRequired\":true,\"valueName\":\"search_term_string\"}}],\"inLanguage\":\"de\"}]}<\/script>\n<!-- \/ Yoast SEO plugin. -->","yoast_head_json":{"title":"Die Yager Therapie - Hilfe f\u00fcr die Kleinen und die Gro\u00dfen","robots":{"index":"index","follow":"follow","max-snippet":"max-snippet:-1","max-image-preview":"max-image-preview:large","max-video-preview":"max-video-preview:-1"},"canonical":"https:\/\/familien-kinder-coach.de\/?page_id=281","og_locale":"de_DE","og_type":"article","og_title":"Die Yager Therapie - Hilfe f\u00fcr die Kleinen und die Gro\u00dfen","og_description":"Die Yager Therapie ist eine Methode, die von dem US-Amerikaner Dr. Edwin Yager entwickelt wurde. Seit seinem Tod wird sie von Dr. Norbert Preetz am Deutschen Institut f\u00fcr klinische Hypnose gelehrt, an dem ich auch meine Ausbildung gemacht habe. Die Yager Therapie oder auch Yager Code genannt arbeitet mit einem sehr intelligenten Teil des menschlichen [&hellip;]","og_url":"https:\/\/familien-kinder-coach.de\/?page_id=281","og_site_name":"Hilfe f\u00fcr die Kleinen und die Gro\u00dfen","article_modified_time":"2025-07-21T15:34:24+00:00","og_image":[{"width":481,"height":481,"url":"https:\/\/familien-kinder-coach.de\/wp-content\/uploads\/2025\/01\/yager2.jpg","type":"image\/jpeg"}],"twitter_card":"summary_large_image","twitter_misc":{"Gesch\u00e4tzte Lesezeit":"1\u00a0Minute"},"schema":{"@context":"https:\/\/schema.org","@graph":[{"@type":"WebPage","@id":"https:\/\/familien-kinder-coach.de\/?page_id=281","url":"https:\/\/familien-kinder-coach.de\/?page_id=281","name":"Die Yager Therapie - Hilfe f\u00fcr die Kleinen und die Gro\u00dfen","isPartOf":{"@id":"https:\/\/familien-kinder-coach.de\/#website"},"primaryImageOfPage":{"@id":"https:\/\/familien-kinder-coach.de\/?page_id=281#primaryimage"},"image":{"@id":"https:\/\/familien-kinder-coach.de\/?page_id=281#primaryimage"},"thumbnailUrl":"https:\/\/familien-kinder-coach.de\/wp-content\/uploads\/2025\/01\/yager2.jpg","datePublished":"2025-01-26T13:07:28+00:00","dateModified":"2025-07-21T15:34:24+00:00","breadcrumb":{"@id":"https:\/\/familien-kinder-coach.de\/?page_id=281#breadcrumb"},"inLanguage":"de","potentialAction":[{"@type":"ReadAction","target":["https:\/\/familien-kinder-coach.de\/?page_id=281"]}]},{"@type":"ImageObject","inLanguage":"de","@id":"https:\/\/familien-kinder-coach.de\/?page_id=281#primaryimage","url":"https:\/\/familien-kinder-coach.de\/wp-content\/uploads\/2025\/01\/yager2.jpg","contentUrl":"https:\/\/familien-kinder-coach.de\/wp-content\/uploads\/2025\/01\/yager2.jpg","width":481,"height":481},{"@type":"BreadcrumbList","@id":"https:\/\/familien-kinder-coach.de\/?page_id=281#breadcrumb","itemListElement":[{"@type":"ListItem","position":1,"name":"Startseite","item":"https:\/\/familien-kinder-coach.de\/"},{"@type":"ListItem","position":2,"name":"Die Yager Therapie"}]},{"@type":"WebSite","@id":"https:\/\/familien-kinder-coach.de\/#website","url":"https:\/\/familien-kinder-coach.de\/","name":"Familien Kinder Coach Maifeld","description":"","potentialAction":[{"@type":"SearchAction","target":{"@type":"EntryPoint","urlTemplate":"https:\/\/familien-kinder-coach.de\/?s={search_term_string}"},"query-input":{"@type":"PropertyValueSpecification","valueRequired":true,"valueName":"search_term_string"}}],"inLanguage":"de"}]}},"_links":{"self":[{"href":"https:\/\/familien-kinder-coach.de\/index.php?rest_route=\/wp\/v2\/pages\/281","targetHints":{"allow":["GET"]}}],"collection":[{"href":"https:\/\/familien-kinder-coach.de\/index.php?rest_route=\/wp\/v2\/pages"}],"about":[{"href":"https:\/\/familien-kinder-coach.de\/index.php?rest_route=\/wp\/v2\/types\/page"}],"author":[{"embeddable":true,"href":"https:\/\/familien-kinder-coach.de\/index.php?rest_route=\/wp\/v2\/users\/1"}],"replies":[{"embeddable":true,"href":"https:\/\/familien-kinder-coach.de\/index.php?rest_route=%2Fwp%2Fv2%2Fcomments&post=281"}],"version-history":[{"count":5,"href":"https:\/\/familien-kinder-coach.de\/index.php?rest_route=\/wp\/v2\/pages\/281\/revisions"}],"predecessor-version":[{"id":322,"href":"https:\/\/familien-kinder-coach.de\/index.php?rest_route=\/wp\/v2\/pages\/281\/revisions\/322"}],"wp:attachment":[{"href":"https:\/\/familien-kinder-coach.de\/index.php?rest_route=%2Fwp%2Fv2%2Fmedia&parent=281"}],"curies":[{"name":"wp","href":"https:\/\/api.w.org\/{rel}","templated":true}]}}