{"id":24,"date":"2020-06-15T10:46:32","date_gmt":"2020-06-15T10:46:32","guid":{"rendered":"https:\/\/familien-kinder-coach.de\/?page_id=24"},"modified":"2026-01-31T08:09:11","modified_gmt":"2026-01-31T08:09:11","slug":"ueber-mich","status":"publish","type":"page","link":"https:\/\/familien-kinder-coach.de\/?page_id=24","title":{"rendered":"\u00dcber mich"},"content":{"rendered":"\n<p>Mein Name ist Tobias Emschermann, ich bin 46 Jahre alt, verheiratet und habe zwei Kinder. Seit 25 Jahren arbeite ich als Dipl. Sozialp\u00e4dagoge mit Kindern und Jugendlichen und Erwachsenen. Diese Arbeit hat mich gepr\u00e4gt. Einer meiner Grunds\u00e4tze ist es der Sache auf den Grund zu gehen und auch schwierige F\u00e4lle zu l\u00f6sen. Das ist nicht immer einfach und ohne umfangreiche Weiterbildungen in systemischer Familienarbeit, Traumaarbeit mit Kindern, Anti-Gewalt-Training, Erlebnisp\u00e4dagogik, verschiedenen Beratungsans\u00e4tzen und vielen hundert F\u00e4llen k\u00f6nnte ich diese Hilfe nicht anbieten. Die erworbene Erfahrung, die Bereitschaft altes \u00fcber Bord zu werfen und neues zu erlernen unterscheiden mich sicher von den klassischen Beratungsangeboten, die ihr sonst so kennt. Ich beziehe viele Faktoren mit ein und betrachte die Dinge im gesamten Kontext Mensch. Dazu geh\u00f6ren Emotionen, Erlebnisse, das Familiensystem, Ern\u00e4hrung, Sport, Freunde, Schule und viele Sachen mehr. Wir werden einen Weg finden, Eure Situation zu verbessern.&nbsp;<\/p>\n\n\n\n<div class=\"wp-block-media-text is-stacked-on-mobile\" style=\"grid-template-columns:40% auto\"><figure class=\"wp-block-media-text__media\"><img loading=\"lazy\" decoding=\"async\" width=\"576\" height=\"1024\" src=\"https:\/\/familien-kinder-coach.de\/wp-content\/uploads\/2025\/07\/1000067074-576x1024.jpg\" alt=\"\" class=\"wp-image-356 size-full\" srcset=\"https:\/\/familien-kinder-coach.de\/wp-content\/uploads\/2025\/07\/1000067074-576x1024.jpg 576w, https:\/\/familien-kinder-coach.de\/wp-content\/uploads\/2025\/07\/1000067074-169x300.jpg 169w, https:\/\/familien-kinder-coach.de\/wp-content\/uploads\/2025\/07\/1000067074-768x1366.jpg 768w, https:\/\/familien-kinder-coach.de\/wp-content\/uploads\/2025\/07\/1000067074-864x1536.jpg 864w, https:\/\/familien-kinder-coach.de\/wp-content\/uploads\/2025\/07\/1000067074-1151x2048.jpg 1151w, https:\/\/familien-kinder-coach.de\/wp-content\/uploads\/2025\/07\/1000067074-scaled.jpg 1439w\" sizes=\"auto, (max-width: 576px) 100vw, 576px\" \/><\/figure><div class=\"wp-block-media-text__content\">\n<p>Seit einiger Zeit arbeite ich vermehrt mit der Yager Therapie. Diese kann komplexe psychische Probleme wie Panikattacken, \u00c4ngste, Depressionen und viele andere Probleme aus diesem Bereich oftmals in wenigen Sitzungen l\u00f6sen bzw. deutlich verbessern.<\/p>\n\n\n\n<p>Mit der von mir angebotenen Ern\u00e4hrungstherapie und den Methoden in meiner Praxis konnte ich vor Jahren mehrere eigene Krankheiten besiegen, nachdem ich jahrelang in der Schulmedizin und der Alternativmedizin vergeblich mein Gl\u00fcck versucht hatte. Ich bin von all meinen Ans\u00e4tzen \u00fcberzeugt, renne nicht jedem Trend hinterher und wende nur Dinge an, von denen ich aus eigener Erfahrung wei\u00df, dass sie funktionieren. Weiter Infos dazu unter <a href=\"http:\/\/www.no-longer.de\">http:\/\/www.no-longer.de<\/a> <\/p>\n<\/div><\/div>\n\n\n\n<div class=\"wp-block-media-text has-media-on-the-right is-stacked-on-mobile\"><div class=\"wp-block-media-text__content\">\n<p>Meine Laufbahn:<\/p>\n\n\n\n<p>1998 Abitur<\/p>\n\n\n\n<p>2000-2003 Studium Sozialp\u00e4dagogik <\/p>\n\n\n\n<p>2003-2006 Arbeit in einer Kinderwohngruppe<\/p>\n\n\n\n<p>2006-2009 Leitung einer Tagesgruppe nach \u00a732 SGB VIII<\/p>\n\n\n\n<p>2009-2012 P\u00e4dagogischer Dienst Jugendamt (Trennungs-und Scheidungsberatung, ASD)<\/p>\n\n\n\n<p>2012-2013 Elternzeit<\/p>\n\n\n\n<p>seit 2013 Schulsozialarbeit an einer Realschule plus mit GOS eines Gymnasiums<\/p>\n<\/div><figure class=\"wp-block-media-text__media\"><img loading=\"lazy\" decoding=\"async\" width=\"680\" height=\"1024\" src=\"https:\/\/familien-kinder-coach.de\/wp-content\/uploads\/2020\/06\/climb-2072193_1920-680x1024.jpg\" alt=\"\" class=\"wp-image-93 size-full\" srcset=\"https:\/\/familien-kinder-coach.de\/wp-content\/uploads\/2020\/06\/climb-2072193_1920-680x1024.jpg 680w, https:\/\/familien-kinder-coach.de\/wp-content\/uploads\/2020\/06\/climb-2072193_1920-199x300.jpg 199w, https:\/\/familien-kinder-coach.de\/wp-content\/uploads\/2020\/06\/climb-2072193_1920-768x1157.jpg 768w, https:\/\/familien-kinder-coach.de\/wp-content\/uploads\/2020\/06\/climb-2072193_1920-1020x1536.jpg 1020w, https:\/\/familien-kinder-coach.de\/wp-content\/uploads\/2020\/06\/climb-2072193_1920.jpg 1275w\" sizes=\"auto, (max-width: 680px) 100vw, 680px\" \/><\/figure><\/div>\n\n\n\n<div class=\"wp-block-media-text is-stacked-on-mobile\" style=\"grid-template-columns:28% auto\"><figure class=\"wp-block-media-text__media\"><img loading=\"lazy\" decoding=\"async\" width=\"577\" height=\"1024\" src=\"https:\/\/familien-kinder-coach.de\/wp-content\/uploads\/2025\/07\/67bfa35c-52b7-498d-9bb6-a01f688b6340-577x1024.jpg\" alt=\"\" class=\"wp-image-331 size-full\" srcset=\"https:\/\/familien-kinder-coach.de\/wp-content\/uploads\/2025\/07\/67bfa35c-52b7-498d-9bb6-a01f688b6340-577x1024.jpg 577w, https:\/\/familien-kinder-coach.de\/wp-content\/uploads\/2025\/07\/67bfa35c-52b7-498d-9bb6-a01f688b6340-169x300.jpg 169w, https:\/\/familien-kinder-coach.de\/wp-content\/uploads\/2025\/07\/67bfa35c-52b7-498d-9bb6-a01f688b6340-768x1364.jpg 768w, https:\/\/familien-kinder-coach.de\/wp-content\/uploads\/2025\/07\/67bfa35c-52b7-498d-9bb6-a01f688b6340-865x1536.jpg 865w, https:\/\/familien-kinder-coach.de\/wp-content\/uploads\/2025\/07\/67bfa35c-52b7-498d-9bb6-a01f688b6340-1153x2048.jpg 1153w, https:\/\/familien-kinder-coach.de\/wp-content\/uploads\/2025\/07\/67bfa35c-52b7-498d-9bb6-a01f688b6340-scaled.jpg 1441w\" sizes=\"auto, (max-width: 577px) 100vw, 577px\" \/><\/figure><div class=\"wp-block-media-text__content\">\n<p>Meine Weiterbildungen:<\/p>\n\n\n\n<p>2007 Weiterbildung Erlebnisp\u00e4dagogik<\/p>\n\n\n\n<p>2011-2012 Weiterbildung in systemischer Familienarbeit<\/p>\n\n\n\n<p>2013-2014 Weiterbildung Echt stark &#8211; Trainings f\u00fcr starke Kinder<\/p>\n\n\n\n<p>2015 Weiterbildung Seelenarbeit mit Kindern an der Paracelsus Schule<\/p>\n\n\n\n<p>2016-2017 Weiterbildung zum Coolnesstrainer<\/p>\n\n\n\n<p>2019 Weiterbildung L\u00f6sungsorientierte Kurzzeitberatung<\/p>\n\n\n\n<p>2024 Ausbildung Yager Therapie (Institut f\u00fcr Hypnose Dr. Norbert Preetz)<\/p>\n<\/div><\/div>\n\n\n\n<p><\/p>\n","protected":false},"excerpt":{"rendered":"<p>Mein Name ist Tobias Emschermann, ich bin 46 Jahre alt, verheiratet und habe zwei Kinder. Seit 25 Jahren arbeite ich als Dipl. Sozialp\u00e4dagoge mit Kindern und Jugendlichen und Erwachsenen. Diese Arbeit hat mich gepr\u00e4gt. Einer meiner Grunds\u00e4tze ist es der Sache auf den Grund zu gehen und auch schwierige F\u00e4lle zu l\u00f6sen. Das ist nicht [&hellip;]<\/p>\n","protected":false},"author":1,"featured_media":0,"parent":0,"menu_order":0,"comment_status":"closed","ping_status":"closed","template":"","meta":{"footnotes":""},"class_list":["post-24","page","type-page","status-publish","hentry"],"yoast_head":"<!-- This site is optimized with the Yoast SEO plugin v27.5 - https:\/\/yoast.com\/product\/yoast-seo-wordpress\/ -->\n<title>\u00dcber mich - Hilfe f\u00fcr die Kleinen und die Gro\u00dfen<\/title>\n<meta name=\"robots\" content=\"index, follow, max-snippet:-1, max-image-preview:large, max-video-preview:-1\" \/>\n<link rel=\"canonical\" href=\"https:\/\/familien-kinder-coach.de\/?page_id=24\" \/>\n<meta property=\"og:locale\" content=\"de_DE\" \/>\n<meta property=\"og:type\" content=\"article\" \/>\n<meta property=\"og:title\" content=\"\u00dcber mich - Hilfe f\u00fcr die Kleinen und die Gro\u00dfen\" \/>\n<meta property=\"og:description\" content=\"Mein Name ist Tobias Emschermann, ich bin 46 Jahre alt, verheiratet und habe zwei Kinder. Seit 25 Jahren arbeite ich als Dipl. Sozialp\u00e4dagoge mit Kindern und Jugendlichen und Erwachsenen. Diese Arbeit hat mich gepr\u00e4gt. Einer meiner Grunds\u00e4tze ist es der Sache auf den Grund zu gehen und auch schwierige F\u00e4lle zu l\u00f6sen. Das ist nicht [&hellip;]\" \/>\n<meta property=\"og:url\" content=\"https:\/\/familien-kinder-coach.de\/?page_id=24\" \/>\n<meta property=\"og:site_name\" content=\"Hilfe f\u00fcr die Kleinen und die Gro\u00dfen\" \/>\n<meta property=\"article:modified_time\" content=\"2026-01-31T08:09:11+00:00\" \/>\n<meta property=\"og:image\" content=\"https:\/\/familien-kinder-coach.de\/wp-content\/uploads\/2025\/07\/1000067074-scaled.jpg\" \/>\n\t<meta property=\"og:image:width\" content=\"1439\" \/>\n\t<meta property=\"og:image:height\" content=\"2560\" \/>\n\t<meta property=\"og:image:type\" content=\"image\/jpeg\" \/>\n<meta name=\"twitter:card\" content=\"summary_large_image\" \/>\n<meta name=\"twitter:label1\" content=\"Gesch\u00e4tzte Lesezeit\" \/>\n\t<meta name=\"twitter:data1\" content=\"3\u00a0Minuten\" \/>\n<script type=\"application\/ld+json\" class=\"yoast-schema-graph\">{\"@context\":\"https:\\\/\\\/schema.org\",\"@graph\":[{\"@type\":\"WebPage\",\"@id\":\"https:\\\/\\\/familien-kinder-coach.de\\\/?page_id=24\",\"url\":\"https:\\\/\\\/familien-kinder-coach.de\\\/?page_id=24\",\"name\":\"\u00dcber mich - Hilfe f\u00fcr die Kleinen und die Gro\u00dfen\",\"isPartOf\":{\"@id\":\"https:\\\/\\\/familien-kinder-coach.de\\\/#website\"},\"primaryImageOfPage\":{\"@id\":\"https:\\\/\\\/familien-kinder-coach.de\\\/?page_id=24#primaryimage\"},\"image\":{\"@id\":\"https:\\\/\\\/familien-kinder-coach.de\\\/?page_id=24#primaryimage\"},\"thumbnailUrl\":\"https:\\\/\\\/familien-kinder-coach.de\\\/wp-content\\\/uploads\\\/2025\\\/07\\\/1000067074-576x1024.jpg\",\"datePublished\":\"2020-06-15T10:46:32+00:00\",\"dateModified\":\"2026-01-31T08:09:11+00:00\",\"breadcrumb\":{\"@id\":\"https:\\\/\\\/familien-kinder-coach.de\\\/?page_id=24#breadcrumb\"},\"inLanguage\":\"de\",\"potentialAction\":[{\"@type\":\"ReadAction\",\"target\":[\"https:\\\/\\\/familien-kinder-coach.de\\\/?page_id=24\"]}]},{\"@type\":\"ImageObject\",\"inLanguage\":\"de\",\"@id\":\"https:\\\/\\\/familien-kinder-coach.de\\\/?page_id=24#primaryimage\",\"url\":\"https:\\\/\\\/familien-kinder-coach.de\\\/wp-content\\\/uploads\\\/2025\\\/07\\\/1000067074-scaled.jpg\",\"contentUrl\":\"https:\\\/\\\/familien-kinder-coach.de\\\/wp-content\\\/uploads\\\/2025\\\/07\\\/1000067074-scaled.jpg\",\"width\":1439,\"height\":2560},{\"@type\":\"BreadcrumbList\",\"@id\":\"https:\\\/\\\/familien-kinder-coach.de\\\/?page_id=24#breadcrumb\",\"itemListElement\":[{\"@type\":\"ListItem\",\"position\":1,\"name\":\"Startseite\",\"item\":\"https:\\\/\\\/familien-kinder-coach.de\\\/\"},{\"@type\":\"ListItem\",\"position\":2,\"name\":\"\u00dcber mich\"}]},{\"@type\":\"WebSite\",\"@id\":\"https:\\\/\\\/familien-kinder-coach.de\\\/#website\",\"url\":\"https:\\\/\\\/familien-kinder-coach.de\\\/\",\"name\":\"Familien Kinder Coach Maifeld\",\"description\":\"\",\"potentialAction\":[{\"@type\":\"SearchAction\",\"target\":{\"@type\":\"EntryPoint\",\"urlTemplate\":\"https:\\\/\\\/familien-kinder-coach.de\\\/?s={search_term_string}\"},\"query-input\":{\"@type\":\"PropertyValueSpecification\",\"valueRequired\":true,\"valueName\":\"search_term_string\"}}],\"inLanguage\":\"de\"}]}<\/script>\n<!-- \/ Yoast SEO plugin. -->","yoast_head_json":{"title":"\u00dcber mich - Hilfe f\u00fcr die Kleinen und die Gro\u00dfen","robots":{"index":"index","follow":"follow","max-snippet":"max-snippet:-1","max-image-preview":"max-image-preview:large","max-video-preview":"max-video-preview:-1"},"canonical":"https:\/\/familien-kinder-coach.de\/?page_id=24","og_locale":"de_DE","og_type":"article","og_title":"\u00dcber mich - Hilfe f\u00fcr die Kleinen und die Gro\u00dfen","og_description":"Mein Name ist Tobias Emschermann, ich bin 46 Jahre alt, verheiratet und habe zwei Kinder. Seit 25 Jahren arbeite ich als Dipl. Sozialp\u00e4dagoge mit Kindern und Jugendlichen und Erwachsenen. Diese Arbeit hat mich gepr\u00e4gt. Einer meiner Grunds\u00e4tze ist es der Sache auf den Grund zu gehen und auch schwierige F\u00e4lle zu l\u00f6sen. Das ist nicht [&hellip;]","og_url":"https:\/\/familien-kinder-coach.de\/?page_id=24","og_site_name":"Hilfe f\u00fcr die Kleinen und die Gro\u00dfen","article_modified_time":"2026-01-31T08:09:11+00:00","og_image":[{"width":1439,"height":2560,"url":"https:\/\/familien-kinder-coach.de\/wp-content\/uploads\/2025\/07\/1000067074-scaled.jpg","type":"image\/jpeg"}],"twitter_card":"summary_large_image","twitter_misc":{"Gesch\u00e4tzte Lesezeit":"3\u00a0Minuten"},"schema":{"@context":"https:\/\/schema.org","@graph":[{"@type":"WebPage","@id":"https:\/\/familien-kinder-coach.de\/?page_id=24","url":"https:\/\/familien-kinder-coach.de\/?page_id=24","name":"\u00dcber mich - Hilfe f\u00fcr die Kleinen und die Gro\u00dfen","isPartOf":{"@id":"https:\/\/familien-kinder-coach.de\/#website"},"primaryImageOfPage":{"@id":"https:\/\/familien-kinder-coach.de\/?page_id=24#primaryimage"},"image":{"@id":"https:\/\/familien-kinder-coach.de\/?page_id=24#primaryimage"},"thumbnailUrl":"https:\/\/familien-kinder-coach.de\/wp-content\/uploads\/2025\/07\/1000067074-576x1024.jpg","datePublished":"2020-06-15T10:46:32+00:00","dateModified":"2026-01-31T08:09:11+00:00","breadcrumb":{"@id":"https:\/\/familien-kinder-coach.de\/?page_id=24#breadcrumb"},"inLanguage":"de","potentialAction":[{"@type":"ReadAction","target":["https:\/\/familien-kinder-coach.de\/?page_id=24"]}]},{"@type":"ImageObject","inLanguage":"de","@id":"https:\/\/familien-kinder-coach.de\/?page_id=24#primaryimage","url":"https:\/\/familien-kinder-coach.de\/wp-content\/uploads\/2025\/07\/1000067074-scaled.jpg","contentUrl":"https:\/\/familien-kinder-coach.de\/wp-content\/uploads\/2025\/07\/1000067074-scaled.jpg","width":1439,"height":2560},{"@type":"BreadcrumbList","@id":"https:\/\/familien-kinder-coach.de\/?page_id=24#breadcrumb","itemListElement":[{"@type":"ListItem","position":1,"name":"Startseite","item":"https:\/\/familien-kinder-coach.de\/"},{"@type":"ListItem","position":2,"name":"\u00dcber mich"}]},{"@type":"WebSite","@id":"https:\/\/familien-kinder-coach.de\/#website","url":"https:\/\/familien-kinder-coach.de\/","name":"Familien Kinder Coach Maifeld","description":"","potentialAction":[{"@type":"SearchAction","target":{"@type":"EntryPoint","urlTemplate":"https:\/\/familien-kinder-coach.de\/?s={search_term_string}"},"query-input":{"@type":"PropertyValueSpecification","valueRequired":true,"valueName":"search_term_string"}}],"inLanguage":"de"}]}},"_links":{"self":[{"href":"https:\/\/familien-kinder-coach.de\/index.php?rest_route=\/wp\/v2\/pages\/24","targetHints":{"allow":["GET"]}}],"collection":[{"href":"https:\/\/familien-kinder-coach.de\/index.php?rest_route=\/wp\/v2\/pages"}],"about":[{"href":"https:\/\/familien-kinder-coach.de\/index.php?rest_route=\/wp\/v2\/types\/page"}],"author":[{"embeddable":true,"href":"https:\/\/familien-kinder-coach.de\/index.php?rest_route=\/wp\/v2\/users\/1"}],"replies":[{"embeddable":true,"href":"https:\/\/familien-kinder-coach.de\/index.php?rest_route=%2Fwp%2Fv2%2Fcomments&post=24"}],"version-history":[{"count":16,"href":"https:\/\/familien-kinder-coach.de\/index.php?rest_route=\/wp\/v2\/pages\/24\/revisions"}],"predecessor-version":[{"id":415,"href":"https:\/\/familien-kinder-coach.de\/index.php?rest_route=\/wp\/v2\/pages\/24\/revisions\/415"}],"wp:attachment":[{"href":"https:\/\/familien-kinder-coach.de\/index.php?rest_route=%2Fwp%2Fv2%2Fmedia&parent=24"}],"curies":[{"name":"wp","href":"https:\/\/api.w.org\/{rel}","templated":true}]}}