{"id":23,"date":"2020-06-15T10:46:32","date_gmt":"2020-06-15T10:46:32","guid":{"rendered":"https:\/\/familien-kinder-coach.de\/?page_id=23"},"modified":"2025-07-21T16:18:58","modified_gmt":"2025-07-21T16:18:58","slug":"kontakt","status":"publish","type":"page","link":"https:\/\/familien-kinder-coach.de\/?page_id=23","title":{"rendered":"Kontakt"},"content":{"rendered":"\n<p>Du kannst mich auch \u00fcber Whatsapp anschreiben. Dazu klicke auf den Button rechts unten in der Ecke. Nutze gerne dieses Formular und beschreibe auch schon, worum es in etwa geht.<\/p>\n\n\n\n<div class=\"wp-block-contact-form-7-contact-form-selector\">\n<div class=\"wpcf7 no-js\" id=\"wpcf7-f333-o1\" lang=\"de-DE\" dir=\"ltr\" data-wpcf7-id=\"333\">\n<div class=\"screen-reader-response\"><p role=\"status\" aria-live=\"polite\" aria-atomic=\"true\"><\/p> <ul><\/ul><\/div>\n<form action=\"\/index.php?rest_route=%2Fwp%2Fv2%2Fpages%2F23#wpcf7-f333-o1\" method=\"post\" class=\"wpcf7-form init\" aria-label=\"Kontaktformular\" novalidate=\"novalidate\" data-status=\"init\">\n<fieldset class=\"hidden-fields-container\"><input type=\"hidden\" name=\"_wpcf7\" value=\"333\" \/><input type=\"hidden\" name=\"_wpcf7_version\" value=\"6.1.5\" \/><input type=\"hidden\" name=\"_wpcf7_locale\" value=\"de_DE\" \/><input type=\"hidden\" name=\"_wpcf7_unit_tag\" value=\"wpcf7-f333-o1\" \/><input type=\"hidden\" name=\"_wpcf7_container_post\" value=\"0\" \/><input type=\"hidden\" name=\"_wpcf7_posted_data_hash\" value=\"\" \/>\n<\/fieldset>\n<p><label> Dein Name<br \/>\n<span class=\"wpcf7-form-control-wrap\" data-name=\"your-name\"><input size=\"40\" maxlength=\"400\" class=\"wpcf7-form-control wpcf7-text wpcf7-validates-as-required\" autocomplete=\"name\" aria-required=\"true\" aria-invalid=\"false\" value=\"\" type=\"text\" name=\"your-name\" \/><\/span> <\/label>\n<\/p>\n<p><label> Deine E-Mail-Adresse<br \/>\n<span class=\"wpcf7-form-control-wrap\" data-name=\"your-email\"><input size=\"40\" maxlength=\"400\" class=\"wpcf7-form-control wpcf7-email wpcf7-validates-as-required wpcf7-text wpcf7-validates-as-email\" autocomplete=\"email\" aria-required=\"true\" aria-invalid=\"false\" value=\"\" type=\"email\" name=\"your-email\" \/><\/span> <\/label>\n<\/p>\n<p><label> Betreff<br \/>\n<span class=\"wpcf7-form-control-wrap\" data-name=\"your-subject\"><input size=\"40\" maxlength=\"400\" class=\"wpcf7-form-control wpcf7-text wpcf7-validates-as-required\" aria-required=\"true\" aria-invalid=\"false\" value=\"\" type=\"text\" name=\"your-subject\" \/><\/span> <\/label>\n<\/p>\n<p><label> Deine Nachricht (optional)<br \/>\n<span class=\"wpcf7-form-control-wrap\" data-name=\"your-message\"><textarea cols=\"40\" rows=\"10\" maxlength=\"2000\" class=\"wpcf7-form-control wpcf7-textarea\" aria-invalid=\"false\" name=\"your-message\"><\/textarea><\/span> <\/label>\n<\/p>\n<p><input class=\"wpcf7-form-control wpcf7-submit has-spinner\" type=\"submit\" value=\"Senden\" \/>\n<\/p><div class=\"wpcf7-response-output\" aria-hidden=\"true\"><\/div>\n<\/form>\n<\/div>\n<\/div>\n\n\n\n<p class=\"has-text-align-center\">Tobias Emschermann Dipl. Sozialp\u00e4dagoge<br><br>tobims79@proton.me<br>tel 02654 9627950<\/p>\n","protected":false},"excerpt":{"rendered":"<p>Du kannst mich auch \u00fcber Whatsapp anschreiben. Dazu klicke auf den Button rechts unten in der Ecke. Nutze gerne dieses Formular und beschreibe auch schon, worum es in etwa geht. Tobias Emschermann Dipl. Sozialp\u00e4dagoge tobims79@proton.metel 02654 9627950<\/p>\n","protected":false},"author":1,"featured_media":0,"parent":0,"menu_order":0,"comment_status":"closed","ping_status":"closed","template":"","meta":{"footnotes":""},"class_list":["post-23","page","type-page","status-publish","hentry"],"yoast_head":"<!-- This site is optimized with the Yoast SEO plugin v27.5 - https:\/\/yoast.com\/product\/yoast-seo-wordpress\/ -->\n<title>Kontakt - Hilfe f\u00fcr die Kleinen und die Gro\u00dfen<\/title>\n<meta name=\"robots\" content=\"index, follow, max-snippet:-1, max-image-preview:large, max-video-preview:-1\" \/>\n<link rel=\"canonical\" href=\"https:\/\/familien-kinder-coach.de\/?page_id=23\" \/>\n<meta property=\"og:locale\" content=\"de_DE\" \/>\n<meta property=\"og:type\" content=\"article\" \/>\n<meta property=\"og:title\" content=\"Kontakt - Hilfe f\u00fcr die Kleinen und die Gro\u00dfen\" \/>\n<meta property=\"og:description\" content=\"Du kannst mich auch \u00fcber Whatsapp anschreiben. Dazu klicke auf den Button rechts unten in der Ecke. Nutze gerne dieses Formular und beschreibe auch schon, worum es in etwa geht. Tobias Emschermann Dipl. Sozialp\u00e4dagoge tobims79@proton.metel 02654 9627950\" \/>\n<meta property=\"og:url\" content=\"https:\/\/familien-kinder-coach.de\/?page_id=23\" \/>\n<meta property=\"og:site_name\" content=\"Hilfe f\u00fcr die Kleinen und die Gro\u00dfen\" \/>\n<meta property=\"article:modified_time\" content=\"2025-07-21T16:18:58+00:00\" \/>\n<meta name=\"twitter:card\" content=\"summary_large_image\" \/>\n<script type=\"application\/ld+json\" class=\"yoast-schema-graph\">{\"@context\":\"https:\\\/\\\/schema.org\",\"@graph\":[{\"@type\":\"WebPage\",\"@id\":\"https:\\\/\\\/familien-kinder-coach.de\\\/?page_id=23\",\"url\":\"https:\\\/\\\/familien-kinder-coach.de\\\/?page_id=23\",\"name\":\"Kontakt - Hilfe f\u00fcr die Kleinen und die Gro\u00dfen\",\"isPartOf\":{\"@id\":\"https:\\\/\\\/familien-kinder-coach.de\\\/#website\"},\"datePublished\":\"2020-06-15T10:46:32+00:00\",\"dateModified\":\"2025-07-21T16:18:58+00:00\",\"breadcrumb\":{\"@id\":\"https:\\\/\\\/familien-kinder-coach.de\\\/?page_id=23#breadcrumb\"},\"inLanguage\":\"de\",\"potentialAction\":[{\"@type\":\"ReadAction\",\"target\":[\"https:\\\/\\\/familien-kinder-coach.de\\\/?page_id=23\"]}]},{\"@type\":\"BreadcrumbList\",\"@id\":\"https:\\\/\\\/familien-kinder-coach.de\\\/?page_id=23#breadcrumb\",\"itemListElement\":[{\"@type\":\"ListItem\",\"position\":1,\"name\":\"Startseite\",\"item\":\"https:\\\/\\\/familien-kinder-coach.de\\\/\"},{\"@type\":\"ListItem\",\"position\":2,\"name\":\"Kontakt\"}]},{\"@type\":\"WebSite\",\"@id\":\"https:\\\/\\\/familien-kinder-coach.de\\\/#website\",\"url\":\"https:\\\/\\\/familien-kinder-coach.de\\\/\",\"name\":\"Familien Kinder Coach Maifeld\",\"description\":\"\",\"potentialAction\":[{\"@type\":\"SearchAction\",\"target\":{\"@type\":\"EntryPoint\",\"urlTemplate\":\"https:\\\/\\\/familien-kinder-coach.de\\\/?s={search_term_string}\"},\"query-input\":{\"@type\":\"PropertyValueSpecification\",\"valueRequired\":true,\"valueName\":\"search_term_string\"}}],\"inLanguage\":\"de\"}]}<\/script>\n<!-- \/ Yoast SEO plugin. -->","yoast_head_json":{"title":"Kontakt - Hilfe f\u00fcr die Kleinen und die Gro\u00dfen","robots":{"index":"index","follow":"follow","max-snippet":"max-snippet:-1","max-image-preview":"max-image-preview:large","max-video-preview":"max-video-preview:-1"},"canonical":"https:\/\/familien-kinder-coach.de\/?page_id=23","og_locale":"de_DE","og_type":"article","og_title":"Kontakt - Hilfe f\u00fcr die Kleinen und die Gro\u00dfen","og_description":"Du kannst mich auch \u00fcber Whatsapp anschreiben. Dazu klicke auf den Button rechts unten in der Ecke. Nutze gerne dieses Formular und beschreibe auch schon, worum es in etwa geht. Tobias Emschermann Dipl. Sozialp\u00e4dagoge tobims79@proton.metel 02654 9627950","og_url":"https:\/\/familien-kinder-coach.de\/?page_id=23","og_site_name":"Hilfe f\u00fcr die Kleinen und die Gro\u00dfen","article_modified_time":"2025-07-21T16:18:58+00:00","twitter_card":"summary_large_image","schema":{"@context":"https:\/\/schema.org","@graph":[{"@type":"WebPage","@id":"https:\/\/familien-kinder-coach.de\/?page_id=23","url":"https:\/\/familien-kinder-coach.de\/?page_id=23","name":"Kontakt - Hilfe f\u00fcr die Kleinen und die Gro\u00dfen","isPartOf":{"@id":"https:\/\/familien-kinder-coach.de\/#website"},"datePublished":"2020-06-15T10:46:32+00:00","dateModified":"2025-07-21T16:18:58+00:00","breadcrumb":{"@id":"https:\/\/familien-kinder-coach.de\/?page_id=23#breadcrumb"},"inLanguage":"de","potentialAction":[{"@type":"ReadAction","target":["https:\/\/familien-kinder-coach.de\/?page_id=23"]}]},{"@type":"BreadcrumbList","@id":"https:\/\/familien-kinder-coach.de\/?page_id=23#breadcrumb","itemListElement":[{"@type":"ListItem","position":1,"name":"Startseite","item":"https:\/\/familien-kinder-coach.de\/"},{"@type":"ListItem","position":2,"name":"Kontakt"}]},{"@type":"WebSite","@id":"https:\/\/familien-kinder-coach.de\/#website","url":"https:\/\/familien-kinder-coach.de\/","name":"Familien Kinder Coach Maifeld","description":"","potentialAction":[{"@type":"SearchAction","target":{"@type":"EntryPoint","urlTemplate":"https:\/\/familien-kinder-coach.de\/?s={search_term_string}"},"query-input":{"@type":"PropertyValueSpecification","valueRequired":true,"valueName":"search_term_string"}}],"inLanguage":"de"}]}},"_links":{"self":[{"href":"https:\/\/familien-kinder-coach.de\/index.php?rest_route=\/wp\/v2\/pages\/23","targetHints":{"allow":["GET"]}}],"collection":[{"href":"https:\/\/familien-kinder-coach.de\/index.php?rest_route=\/wp\/v2\/pages"}],"about":[{"href":"https:\/\/familien-kinder-coach.de\/index.php?rest_route=\/wp\/v2\/types\/page"}],"author":[{"embeddable":true,"href":"https:\/\/familien-kinder-coach.de\/index.php?rest_route=\/wp\/v2\/users\/1"}],"replies":[{"embeddable":true,"href":"https:\/\/familien-kinder-coach.de\/index.php?rest_route=%2Fwp%2Fv2%2Fcomments&post=23"}],"version-history":[{"count":8,"href":"https:\/\/familien-kinder-coach.de\/index.php?rest_route=\/wp\/v2\/pages\/23\/revisions"}],"predecessor-version":[{"id":336,"href":"https:\/\/familien-kinder-coach.de\/index.php?rest_route=\/wp\/v2\/pages\/23\/revisions\/336"}],"wp:attachment":[{"href":"https:\/\/familien-kinder-coach.de\/index.php?rest_route=%2Fwp%2Fv2%2Fmedia&parent=23"}],"curies":[{"name":"wp","href":"https:\/\/api.w.org\/{rel}","templated":true}]}}