{"id":21,"date":"2020-06-15T10:46:32","date_gmt":"2020-06-15T10:46:32","guid":{"rendered":"https:\/\/familien-kinder-coach.de\/?page_id=21"},"modified":"2020-06-16T18:58:23","modified_gmt":"2020-06-16T18:58:23","slug":"angebot-fuer-kids","status":"publish","type":"page","link":"https:\/\/familien-kinder-coach.de\/?page_id=21","title":{"rendered":"Angebot f\u00fcr Kids"},"content":{"rendered":"\n<figure class=\"wp-block-image size-large\"><img loading=\"lazy\" decoding=\"async\" width=\"1024\" height=\"681\" src=\"https:\/\/familien-kinder-coach.de\/wp-content\/uploads\/2020\/06\/imp-5288326_1920-1024x681.jpg\" alt=\"\" class=\"wp-image-77\" srcset=\"https:\/\/familien-kinder-coach.de\/wp-content\/uploads\/2020\/06\/imp-5288326_1920-1024x681.jpg 1024w, https:\/\/familien-kinder-coach.de\/wp-content\/uploads\/2020\/06\/imp-5288326_1920-300x199.jpg 300w, https:\/\/familien-kinder-coach.de\/wp-content\/uploads\/2020\/06\/imp-5288326_1920-768x510.jpg 768w, https:\/\/familien-kinder-coach.de\/wp-content\/uploads\/2020\/06\/imp-5288326_1920-1536x1021.jpg 1536w, https:\/\/familien-kinder-coach.de\/wp-content\/uploads\/2020\/06\/imp-5288326_1920-400x266.jpg 400w, https:\/\/familien-kinder-coach.de\/wp-content\/uploads\/2020\/06\/imp-5288326_1920.jpg 1920w\" sizes=\"auto, (max-width: 1024px) 100vw, 1024px\" \/><\/figure>\n\n\n\n<p>Das Wichtigste in dieser Arbeit mit Kindern ist meiner Erfahrung nach, dass die Chemie stimmt und die Kids bereit sind, \u00fcber ihre Gef\u00fchle zu sprechen. Oft ist das genau der Punkt, an dem Eltern h\u00e4ngen. Sie merken genau, dass es ihren Kindern nicht gut geht, aber die erz\u00e4hlen nicht, was sie bedr\u00fcckt. Hier ist es oft hilfreich, eine Vertrauensperson zu finden, bei der die Kinder bereit sind, \u00fcber ihre \u00c4ngste, Sorgen und Bed\u00fcrfnisse zu sprechen. Manchmal hat man Gl\u00fcck und es gibt im entfernteren Familienkreis eine Person, die einspringen kann. Dann hat man schon viel gewonnen. Oft sind es aber Dinge, \u00fcber die die Kinder nicht mit Familienmitgliedern sprechen m\u00f6chten.<\/p>\n\n\n\n<p>Ich habe die Erfahrung gemacht, dass die allermeisten Kinder gerne zu mir in die Beratung kommen und schnell Vertrauen entwickeln. Die Schl\u00fcssel dazu sind Mitgef\u00fchl und Verst\u00e4ndnis. Wenn Eltern beschlie\u00dfen, sich Hilfe zu suchen ist die n\u00e4chste H\u00fcrde: Was sagt mein Kind dazu? Vielleicht hat es gar keine Lust? <\/p>\n\n\n\n<p>In meiner Praxis lege ich daher Wert auf ein gem\u00fctliches heimeliges Ambiente. Die Kinder und auch die Eltern sollen sich wohl f\u00fchlen. Dadurch wird die Arbeit eher als Auszeit und Entspannung wahrgenommen, was dazu f\u00fchrt, dass das Coaching erfolgreicher verl\u00e4uft.<\/p>\n\n\n\n<figure class=\"wp-block-image size-large\"><img loading=\"lazy\" decoding=\"async\" width=\"1024\" height=\"683\" src=\"https:\/\/familien-kinder-coach.de\/wp-content\/uploads\/2020\/06\/little-girl-1894125_1920-1024x683.jpg\" alt=\"\" class=\"wp-image-78\" srcset=\"https:\/\/familien-kinder-coach.de\/wp-content\/uploads\/2020\/06\/little-girl-1894125_1920-1024x683.jpg 1024w, https:\/\/familien-kinder-coach.de\/wp-content\/uploads\/2020\/06\/little-girl-1894125_1920-300x200.jpg 300w, https:\/\/familien-kinder-coach.de\/wp-content\/uploads\/2020\/06\/little-girl-1894125_1920-768x512.jpg 768w, https:\/\/familien-kinder-coach.de\/wp-content\/uploads\/2020\/06\/little-girl-1894125_1920-1536x1024.jpg 1536w, https:\/\/familien-kinder-coach.de\/wp-content\/uploads\/2020\/06\/little-girl-1894125_1920-400x267.jpg 400w, https:\/\/familien-kinder-coach.de\/wp-content\/uploads\/2020\/06\/little-girl-1894125_1920.jpg 1920w\" sizes=\"auto, (max-width: 1024px) 100vw, 1024px\" \/><\/figure>\n\n\n\n<p><strong>Fantasiereisen f\u00fcr Kinder<\/strong><\/p>\n\n\n\n<p>Hibbelige Kids lernen, den Kopf ruhig zu bekommen. Der Einstieg dazu geht am besten mit Fantasiereisen. Hier habe ich die Erfahrung gemacht, dass diese Imaginationstechniken unglaubliche Wirkung haben und den Kids, die wirklich ganz schwer zur Ruhe kommen, die Erfahrung geben, dass es den Zustand der inneren Ruhe \u00fcberhaupt gibt. \u00dcber einige Sitzungen erlernt das Gehirn dann, wie es abschalten kann. Die Kinder bekommen Techniken aus dem NLP und der Verhaltenstherapie an die Hand, die ihnen helfen in stressigen Situationen &#8222;runter&#8220; zu kommen und konzentriert zu bleiben.<\/p>\n\n\n\n<figure class=\"wp-block-image size-large\"><img loading=\"lazy\" decoding=\"async\" width=\"1024\" height=\"683\" src=\"https:\/\/familien-kinder-coach.de\/wp-content\/uploads\/2020\/06\/child-865116_1920-1024x683.jpg\" alt=\"\" class=\"wp-image-76\" srcset=\"https:\/\/familien-kinder-coach.de\/wp-content\/uploads\/2020\/06\/child-865116_1920-1024x683.jpg 1024w, https:\/\/familien-kinder-coach.de\/wp-content\/uploads\/2020\/06\/child-865116_1920-300x200.jpg 300w, https:\/\/familien-kinder-coach.de\/wp-content\/uploads\/2020\/06\/child-865116_1920-768x512.jpg 768w, https:\/\/familien-kinder-coach.de\/wp-content\/uploads\/2020\/06\/child-865116_1920-1536x1024.jpg 1536w, https:\/\/familien-kinder-coach.de\/wp-content\/uploads\/2020\/06\/child-865116_1920-400x267.jpg 400w, https:\/\/familien-kinder-coach.de\/wp-content\/uploads\/2020\/06\/child-865116_1920.jpg 1920w\" sizes=\"auto, (max-width: 1024px) 100vw, 1024px\" \/><\/figure>\n\n\n\n<p><strong>Training gegen Schulangst<\/strong><\/p>\n\n\n\n<p>Schulangst nimmt immer mehr zu. Hier ist eine ausreichende Diagnostik wichtig, um herauszufinden, woher diese Angst r\u00fchrt. Dann kann gezielt an der Schulangst gearbeitet werden. Hier werden aus den Bereichen der Visualisierung, Energiearbeit, EFT und anderen Bereichen Tools vermittelt, um die Schulangst in den Griff zu bekommen. <\/p>\n\n\n\n<p><strong>Starke Kids Training<\/strong><\/p>\n\n\n\n<p>Hierbei werden die Kinder stark gemacht, im richtigen Moment auch Nein sagen zu k\u00f6nnen und sich im Streitfall zu behaupten. K\u00f6rperhaltung, Gestik, Mimik und Auftreten k\u00f6nnen verhindern, dass ein Kind zum Mobbingbetroffenen wird.<\/p>\n\n\n\n<p><strong>Kids-Coaching<\/strong><\/p>\n\n\n\n<p>Individuelle Probleml\u00f6sungen f\u00fcr ihr Kind mit seinem ganz individuellen Bedarf. Unter der Rubrik Tools und Techniken k\u00f6nnen Sie gerne st\u00f6bern und sehen, wie ich arbeite.<\/p>\n\n\n\n<figure class=\"wp-block-image size-large\"><img loading=\"lazy\" decoding=\"async\" width=\"1024\" height=\"683\" src=\"https:\/\/familien-kinder-coach.de\/wp-content\/uploads\/2020\/06\/person-731165_1920-1024x683.jpg\" alt=\"\" class=\"wp-image-80\" srcset=\"https:\/\/familien-kinder-coach.de\/wp-content\/uploads\/2020\/06\/person-731165_1920-1024x683.jpg 1024w, https:\/\/familien-kinder-coach.de\/wp-content\/uploads\/2020\/06\/person-731165_1920-300x200.jpg 300w, https:\/\/familien-kinder-coach.de\/wp-content\/uploads\/2020\/06\/person-731165_1920-768x512.jpg 768w, https:\/\/familien-kinder-coach.de\/wp-content\/uploads\/2020\/06\/person-731165_1920-1536x1024.jpg 1536w, https:\/\/familien-kinder-coach.de\/wp-content\/uploads\/2020\/06\/person-731165_1920-400x267.jpg 400w, https:\/\/familien-kinder-coach.de\/wp-content\/uploads\/2020\/06\/person-731165_1920.jpg 1920w\" sizes=\"auto, (max-width: 1024px) 100vw, 1024px\" \/><\/figure>\n\n\n\n<p><strong>Traumaarbeit<\/strong><\/p>\n\n\n\n<p>Aus der Seminarreihe Seelenarbeit mit Kindern kommen viele Techniken zum Einsatz, die sanft Erlebtes l\u00f6sen und so den Kopf frei machen f\u00fcr Positives. Sei es die Trennung der Eltern oder andere Erlebnisse. Hier k\u00f6nnen in ein paar Stunden viele Dinge gel\u00f6st werden. <\/p>\n","protected":false},"excerpt":{"rendered":"<p>Das Wichtigste in dieser Arbeit mit Kindern ist meiner Erfahrung nach, dass die Chemie stimmt und die Kids bereit sind, \u00fcber ihre Gef\u00fchle zu sprechen. Oft ist das genau der Punkt, an dem Eltern h\u00e4ngen. Sie merken genau, dass es ihren Kindern nicht gut geht, aber die erz\u00e4hlen nicht, was sie bedr\u00fcckt. Hier ist es [&hellip;]<\/p>\n","protected":false},"author":1,"featured_media":0,"parent":0,"menu_order":0,"comment_status":"closed","ping_status":"closed","template":"","meta":{"footnotes":""},"class_list":["post-21","page","type-page","status-publish","hentry"],"yoast_head":"<!-- This site is optimized with the Yoast SEO plugin v27.5 - https:\/\/yoast.com\/product\/yoast-seo-wordpress\/ -->\n<title>Angebot f\u00fcr Kids - Hilfe f\u00fcr die Kleinen und die Gro\u00dfen<\/title>\n<meta name=\"robots\" content=\"index, follow, max-snippet:-1, max-image-preview:large, max-video-preview:-1\" \/>\n<link rel=\"canonical\" href=\"https:\/\/familien-kinder-coach.de\/?page_id=21\" \/>\n<meta property=\"og:locale\" content=\"de_DE\" \/>\n<meta property=\"og:type\" content=\"article\" \/>\n<meta property=\"og:title\" content=\"Angebot f\u00fcr Kids - Hilfe f\u00fcr die Kleinen und die Gro\u00dfen\" \/>\n<meta property=\"og:description\" content=\"Das Wichtigste in dieser Arbeit mit Kindern ist meiner Erfahrung nach, dass die Chemie stimmt und die Kids bereit sind, \u00fcber ihre Gef\u00fchle zu sprechen. Oft ist das genau der Punkt, an dem Eltern h\u00e4ngen. Sie merken genau, dass es ihren Kindern nicht gut geht, aber die erz\u00e4hlen nicht, was sie bedr\u00fcckt. Hier ist es [&hellip;]\" \/>\n<meta property=\"og:url\" content=\"https:\/\/familien-kinder-coach.de\/?page_id=21\" \/>\n<meta property=\"og:site_name\" content=\"Hilfe f\u00fcr die Kleinen und die Gro\u00dfen\" \/>\n<meta property=\"article:modified_time\" content=\"2020-06-16T18:58:23+00:00\" \/>\n<meta property=\"og:image\" content=\"https:\/\/familien-kinder-coach.de\/wp-content\/uploads\/2020\/06\/imp-5288326_1920.jpg\" \/>\n\t<meta property=\"og:image:width\" content=\"1920\" \/>\n\t<meta property=\"og:image:height\" content=\"1276\" \/>\n\t<meta property=\"og:image:type\" content=\"image\/jpeg\" \/>\n<meta name=\"twitter:card\" content=\"summary_large_image\" \/>\n<meta name=\"twitter:label1\" content=\"Gesch\u00e4tzte Lesezeit\" \/>\n\t<meta name=\"twitter:data1\" content=\"2\u00a0Minuten\" \/>\n<script type=\"application\/ld+json\" class=\"yoast-schema-graph\">{\"@context\":\"https:\\\/\\\/schema.org\",\"@graph\":[{\"@type\":\"WebPage\",\"@id\":\"https:\\\/\\\/familien-kinder-coach.de\\\/?page_id=21\",\"url\":\"https:\\\/\\\/familien-kinder-coach.de\\\/?page_id=21\",\"name\":\"Angebot f\u00fcr Kids - Hilfe f\u00fcr die Kleinen und die Gro\u00dfen\",\"isPartOf\":{\"@id\":\"https:\\\/\\\/familien-kinder-coach.de\\\/#website\"},\"primaryImageOfPage\":{\"@id\":\"https:\\\/\\\/familien-kinder-coach.de\\\/?page_id=21#primaryimage\"},\"image\":{\"@id\":\"https:\\\/\\\/familien-kinder-coach.de\\\/?page_id=21#primaryimage\"},\"thumbnailUrl\":\"https:\\\/\\\/familien-kinder-coach.de\\\/wp-content\\\/uploads\\\/2020\\\/06\\\/imp-5288326_1920-1024x681.jpg\",\"datePublished\":\"2020-06-15T10:46:32+00:00\",\"dateModified\":\"2020-06-16T18:58:23+00:00\",\"breadcrumb\":{\"@id\":\"https:\\\/\\\/familien-kinder-coach.de\\\/?page_id=21#breadcrumb\"},\"inLanguage\":\"de\",\"potentialAction\":[{\"@type\":\"ReadAction\",\"target\":[\"https:\\\/\\\/familien-kinder-coach.de\\\/?page_id=21\"]}]},{\"@type\":\"ImageObject\",\"inLanguage\":\"de\",\"@id\":\"https:\\\/\\\/familien-kinder-coach.de\\\/?page_id=21#primaryimage\",\"url\":\"https:\\\/\\\/familien-kinder-coach.de\\\/wp-content\\\/uploads\\\/2020\\\/06\\\/imp-5288326_1920.jpg\",\"contentUrl\":\"https:\\\/\\\/familien-kinder-coach.de\\\/wp-content\\\/uploads\\\/2020\\\/06\\\/imp-5288326_1920.jpg\",\"width\":1920,\"height\":1276},{\"@type\":\"BreadcrumbList\",\"@id\":\"https:\\\/\\\/familien-kinder-coach.de\\\/?page_id=21#breadcrumb\",\"itemListElement\":[{\"@type\":\"ListItem\",\"position\":1,\"name\":\"Startseite\",\"item\":\"https:\\\/\\\/familien-kinder-coach.de\\\/\"},{\"@type\":\"ListItem\",\"position\":2,\"name\":\"Angebot f\u00fcr Kids\"}]},{\"@type\":\"WebSite\",\"@id\":\"https:\\\/\\\/familien-kinder-coach.de\\\/#website\",\"url\":\"https:\\\/\\\/familien-kinder-coach.de\\\/\",\"name\":\"Familien Kinder Coach Maifeld\",\"description\":\"\",\"potentialAction\":[{\"@type\":\"SearchAction\",\"target\":{\"@type\":\"EntryPoint\",\"urlTemplate\":\"https:\\\/\\\/familien-kinder-coach.de\\\/?s={search_term_string}\"},\"query-input\":{\"@type\":\"PropertyValueSpecification\",\"valueRequired\":true,\"valueName\":\"search_term_string\"}}],\"inLanguage\":\"de\"}]}<\/script>\n<!-- \/ Yoast SEO plugin. -->","yoast_head_json":{"title":"Angebot f\u00fcr Kids - Hilfe f\u00fcr die Kleinen und die Gro\u00dfen","robots":{"index":"index","follow":"follow","max-snippet":"max-snippet:-1","max-image-preview":"max-image-preview:large","max-video-preview":"max-video-preview:-1"},"canonical":"https:\/\/familien-kinder-coach.de\/?page_id=21","og_locale":"de_DE","og_type":"article","og_title":"Angebot f\u00fcr Kids - Hilfe f\u00fcr die Kleinen und die Gro\u00dfen","og_description":"Das Wichtigste in dieser Arbeit mit Kindern ist meiner Erfahrung nach, dass die Chemie stimmt und die Kids bereit sind, \u00fcber ihre Gef\u00fchle zu sprechen. Oft ist das genau der Punkt, an dem Eltern h\u00e4ngen. Sie merken genau, dass es ihren Kindern nicht gut geht, aber die erz\u00e4hlen nicht, was sie bedr\u00fcckt. Hier ist es [&hellip;]","og_url":"https:\/\/familien-kinder-coach.de\/?page_id=21","og_site_name":"Hilfe f\u00fcr die Kleinen und die Gro\u00dfen","article_modified_time":"2020-06-16T18:58:23+00:00","og_image":[{"width":1920,"height":1276,"url":"https:\/\/familien-kinder-coach.de\/wp-content\/uploads\/2020\/06\/imp-5288326_1920.jpg","type":"image\/jpeg"}],"twitter_card":"summary_large_image","twitter_misc":{"Gesch\u00e4tzte Lesezeit":"2\u00a0Minuten"},"schema":{"@context":"https:\/\/schema.org","@graph":[{"@type":"WebPage","@id":"https:\/\/familien-kinder-coach.de\/?page_id=21","url":"https:\/\/familien-kinder-coach.de\/?page_id=21","name":"Angebot f\u00fcr Kids - Hilfe f\u00fcr die Kleinen und die Gro\u00dfen","isPartOf":{"@id":"https:\/\/familien-kinder-coach.de\/#website"},"primaryImageOfPage":{"@id":"https:\/\/familien-kinder-coach.de\/?page_id=21#primaryimage"},"image":{"@id":"https:\/\/familien-kinder-coach.de\/?page_id=21#primaryimage"},"thumbnailUrl":"https:\/\/familien-kinder-coach.de\/wp-content\/uploads\/2020\/06\/imp-5288326_1920-1024x681.jpg","datePublished":"2020-06-15T10:46:32+00:00","dateModified":"2020-06-16T18:58:23+00:00","breadcrumb":{"@id":"https:\/\/familien-kinder-coach.de\/?page_id=21#breadcrumb"},"inLanguage":"de","potentialAction":[{"@type":"ReadAction","target":["https:\/\/familien-kinder-coach.de\/?page_id=21"]}]},{"@type":"ImageObject","inLanguage":"de","@id":"https:\/\/familien-kinder-coach.de\/?page_id=21#primaryimage","url":"https:\/\/familien-kinder-coach.de\/wp-content\/uploads\/2020\/06\/imp-5288326_1920.jpg","contentUrl":"https:\/\/familien-kinder-coach.de\/wp-content\/uploads\/2020\/06\/imp-5288326_1920.jpg","width":1920,"height":1276},{"@type":"BreadcrumbList","@id":"https:\/\/familien-kinder-coach.de\/?page_id=21#breadcrumb","itemListElement":[{"@type":"ListItem","position":1,"name":"Startseite","item":"https:\/\/familien-kinder-coach.de\/"},{"@type":"ListItem","position":2,"name":"Angebot f\u00fcr Kids"}]},{"@type":"WebSite","@id":"https:\/\/familien-kinder-coach.de\/#website","url":"https:\/\/familien-kinder-coach.de\/","name":"Familien Kinder Coach Maifeld","description":"","potentialAction":[{"@type":"SearchAction","target":{"@type":"EntryPoint","urlTemplate":"https:\/\/familien-kinder-coach.de\/?s={search_term_string}"},"query-input":{"@type":"PropertyValueSpecification","valueRequired":true,"valueName":"search_term_string"}}],"inLanguage":"de"}]}},"_links":{"self":[{"href":"https:\/\/familien-kinder-coach.de\/index.php?rest_route=\/wp\/v2\/pages\/21","targetHints":{"allow":["GET"]}}],"collection":[{"href":"https:\/\/familien-kinder-coach.de\/index.php?rest_route=\/wp\/v2\/pages"}],"about":[{"href":"https:\/\/familien-kinder-coach.de\/index.php?rest_route=\/wp\/v2\/types\/page"}],"author":[{"embeddable":true,"href":"https:\/\/familien-kinder-coach.de\/index.php?rest_route=\/wp\/v2\/users\/1"}],"replies":[{"embeddable":true,"href":"https:\/\/familien-kinder-coach.de\/index.php?rest_route=%2Fwp%2Fv2%2Fcomments&post=21"}],"version-history":[{"count":9,"href":"https:\/\/familien-kinder-coach.de\/index.php?rest_route=\/wp\/v2\/pages\/21\/revisions"}],"predecessor-version":[{"id":140,"href":"https:\/\/familien-kinder-coach.de\/index.php?rest_route=\/wp\/v2\/pages\/21\/revisions\/140"}],"wp:attachment":[{"href":"https:\/\/familien-kinder-coach.de\/index.php?rest_route=%2Fwp%2Fv2%2Fmedia&parent=21"}],"curies":[{"name":"wp","href":"https:\/\/api.w.org\/{rel}","templated":true}]}}