{"id":185,"date":"2020-10-07T06:40:14","date_gmt":"2020-10-07T06:40:14","guid":{"rendered":"https:\/\/familien-kinder-coach.de\/?page_id=185"},"modified":"2025-07-21T15:33:49","modified_gmt":"2025-07-21T15:33:49","slug":"tools-und-techniken","status":"publish","type":"page","link":"https:\/\/familien-kinder-coach.de\/?page_id=185","title":{"rendered":"Tools und Techniken"},"content":{"rendered":"\n<p>Zur Anwendung in der Arbeit mit den Kids, aber auch den Erwachsenen kommen verschiedene Techniken, die ich hier n\u00e4her vorstellen m\u00f6chte. Nat\u00fcrlich finden neben diesen Techniken auch Gespr\u00e4che statt. Manche Menschen finden allerdings viel besser \u00fcber h\u00f6ren, sehen und f\u00fchlen einen Zugang zu sich und ihren Gef\u00fchlen. In Absprache mit den Eltern biete ich auch zum Einstieg Bogenschie\u00dfen an.<\/p>\n\n\n\n<p><strong>Visualisierung und Imagination<\/strong><\/p>\n\n\n\n<div class=\"wp-block-media-text is-stacked-on-mobile\" style=\"grid-template-columns:43% auto\"><figure class=\"wp-block-media-text__media\"><img loading=\"lazy\" decoding=\"async\" width=\"640\" height=\"640\" src=\"https:\/\/familien-kinder-coach.de\/wp-content\/uploads\/2025\/07\/ai-generated-8454037_640.png\" alt=\"\" class=\"wp-image-319 size-full\" srcset=\"https:\/\/familien-kinder-coach.de\/wp-content\/uploads\/2025\/07\/ai-generated-8454037_640.png 640w, https:\/\/familien-kinder-coach.de\/wp-content\/uploads\/2025\/07\/ai-generated-8454037_640-300x300.png 300w, https:\/\/familien-kinder-coach.de\/wp-content\/uploads\/2025\/07\/ai-generated-8454037_640-150x150.png 150w\" sizes=\"auto, (max-width: 640px) 100vw, 640px\" \/><\/figure><div class=\"wp-block-media-text__content\">\n<p>Die meisten Menschen haben eine sehr gro\u00dfe Vorstellungskraft. Uns Erwachsenen kommt diese leider aufgrund von Stress, Normen und Erwartungsdruck, dass die Dinge soundso laufen m\u00fcssen, gr\u00f6\u00dftenteils abhanden. Doch genau diese Vorstellungskraft k\u00f6nnen wir nutzen, um den Kindern die M\u00f6glichkeit zu geben, in Stresssituationen schnell Bilder abzurufen, die ihnen helfen, wieder in die Mitte zu kommen. Vielleicht kennen ja einige die Geschichte von Hannes Strohkopp und der unsichtbare Indianer. Ein Kind wird stark und resilient, weil es pl\u00f6tzlich jemanden an seiner Seite hat. Das w\u00e4re nur ein Beispiel f\u00fcr die wunderbare Kraft der Imagination.<\/p>\n<\/div><\/div>\n\n\n\n<p><\/p>\n\n\n\n<p><strong>Achtsamkeit und Entspannungsverfahren<\/strong><\/p>\n\n\n\n<p>Durch Medien, Schulstress aber auch Alltagsstress zu hause verlieren manche Kinder die M\u00f6glichkeit &#8222;runterzukommen&#8220; Wir \u00fcben gemeinsam einige kindgerechte \u00dcbungen ein, die Eltern bekommen etwas an die Hand und zu hause wird das Ganze dann regelm\u00e4\u00dfig einge\u00fcbt. Die Kinder schlafen wieder schneller ein, weil langsam ihr Kopf und damit auch ihr K\u00f6rper ruhiger wird.<\/p>\n\n\n\n<div class=\"wp-block-media-text is-stacked-on-mobile\" style=\"grid-template-columns:44% auto\"><figure class=\"wp-block-media-text__media\"><img loading=\"lazy\" decoding=\"async\" width=\"720\" height=\"960\" src=\"https:\/\/familien-kinder-coach.de\/wp-content\/uploads\/2025\/07\/image.jpg\" alt=\"\" class=\"wp-image-320 size-full\" srcset=\"https:\/\/familien-kinder-coach.de\/wp-content\/uploads\/2025\/07\/image.jpg 720w, https:\/\/familien-kinder-coach.de\/wp-content\/uploads\/2025\/07\/image-225x300.jpg 225w\" sizes=\"auto, (max-width: 720px) 100vw, 720px\" \/><\/figure><div class=\"wp-block-media-text__content\">\n<p><strong>Fantasiereisen und Zauberwesen<\/strong><\/p>\n\n\n\n<p>Es gibt tolle Fantasiereisen f\u00fcr Kinder, die individuell auf die gerade anstehenden Themen der Kinder abgestimmt werden k\u00f6nnen (\u00c4ngste, Bed\u00fcrfnis nach Vertrauen, Sicherheit und Eingebunden sein, Loslassen, Trauer usw.) oder nur der Entspannung und Konzentrationsf\u00f6rderung dienen.<\/p>\n\n\n\n<p>Ein gutes Buch, welches ich hiermit empfehle heisst: Zauberwald &amp; Zwergenkraft von Dirk Grosser und Jennie Appel. Dort sind zauberhafte Geschichten f\u00fcr Kinder drin, mit denen auch die Vorstellungskraft und die Achtsamkeit ge\u00fcbt werden.<\/p>\n<\/div><\/div>\n\n\n\n<p><strong>Energiearbeit<\/strong><\/p>\n\n\n\n<p>Jeder Mensch verf\u00fcgt \u00fcber eine Aura und verschiedene Energiezentren. \u00dcber ein Energiefeld, welches den ganzen K\u00f6rper umgibt. Dieses Feld kann bei manchen Menschen blockiert und durcheinander sein. Bei Bedarf wird durch K\u00f6rper\u00fcbungen und Energiearbeit dieses Feld harmonisiert und in die rechte Ordnung gebracht. Auch kommen \u00dcbungen aus dem QiGong zum Einsatz.<\/p>\n\n\n\n<p>Diese Methoden sind sehr hilfreich bei Kindern, die Angst beim Einschlafen haben oder aus irgendeinem r\u00e4tselhaften Grund dauernd weinen und \u00e4ngstlich sind.<\/p>\n\n\n\n<p><strong>Ern\u00e4hrung<\/strong><\/p>\n\n\n\n<p>Durch einfach kleine \u00c4nderungen in der Ern\u00e4hrung kann z.B. bei ADHS und Kindern mit Autismus viel erreicht werden. Oft ist Eltern nicht bewusst, welche Nahrungsmittel gut f\u00fcr ihre Kinder sind und welche nicht. Dass eine biologische, haupts\u00e4chlich pflanzenbasierte Ern\u00e4hrung positiven Einfluss auf unsere Gef\u00fchlswelt hat. Wir schauen, wo ihr steht und wof\u00fcr ihr bereit seid. Die Basis hierf\u00fcr bildet die heilsame Ern\u00e4hrung nach Anthony William.<\/p>\n\n\n\n<p><strong>Yager-Therapie<\/strong><\/p>\n\n\n\n<p>Die Yager Therapie ist eine Methode, die von dem US-Amerikaner Dr. Edwin Yager entwickelt wurde. Seit seinem Tod wird sie von Dr. Norbert Preetz am Deutschen Institut f\u00fcr klinische Hypnose gelehrt, an dem ich auch meine Ausbildung gemacht habe.<\/p>\n\n\n\n<p>Die Yager Therapie oder auch Yager Code genannt arbeitet mit einem sehr intelligenten Teil des menschlichen Bewusstseins an Konditionierungen, die in der Vergangenheit entstanden sind und im Leben der Klienten in der Gegenwart Probleme wie \u00c4ngste, Panikst\u00f6rungen, Zw\u00e4nge, Depressionen und viele andere Schwierigkeiten mehr verursachen. Die Behandlung erfolgt in einer entspannten Atmosph\u00e4re und es ist nicht erforderlich, die genauen Ursachen zu benennen, da die Methode so konzipiert ist, den Klienten nicht erneut zu konfrontieren, sondern die Konditionierungen sanft \u00fcber das h\u00f6here Bewusstsein zu l\u00f6sen.<\/p>\n","protected":false},"excerpt":{"rendered":"<p>Zur Anwendung in der Arbeit mit den Kids, aber auch den Erwachsenen kommen verschiedene Techniken, die ich hier n\u00e4her vorstellen m\u00f6chte. Nat\u00fcrlich finden neben diesen Techniken auch Gespr\u00e4che statt. Manche Menschen finden allerdings viel besser \u00fcber h\u00f6ren, sehen und f\u00fchlen einen Zugang zu sich und ihren Gef\u00fchlen. In Absprache mit den Eltern biete ich auch [&hellip;]<\/p>\n","protected":false},"author":1,"featured_media":0,"parent":0,"menu_order":0,"comment_status":"closed","ping_status":"closed","template":"","meta":{"footnotes":""},"class_list":["post-185","page","type-page","status-publish","hentry"],"yoast_head":"<!-- This site is optimized with the Yoast SEO plugin v27.5 - https:\/\/yoast.com\/product\/yoast-seo-wordpress\/ -->\n<title>Tools und Techniken - Hilfe f\u00fcr die Kleinen und die Gro\u00dfen<\/title>\n<meta name=\"robots\" content=\"index, follow, max-snippet:-1, max-image-preview:large, max-video-preview:-1\" \/>\n<link rel=\"canonical\" href=\"https:\/\/familien-kinder-coach.de\/?page_id=185\" \/>\n<meta property=\"og:locale\" content=\"de_DE\" \/>\n<meta property=\"og:type\" content=\"article\" \/>\n<meta property=\"og:title\" content=\"Tools und Techniken - Hilfe f\u00fcr die Kleinen und die Gro\u00dfen\" \/>\n<meta property=\"og:description\" content=\"Zur Anwendung in der Arbeit mit den Kids, aber auch den Erwachsenen kommen verschiedene Techniken, die ich hier n\u00e4her vorstellen m\u00f6chte. Nat\u00fcrlich finden neben diesen Techniken auch Gespr\u00e4che statt. Manche Menschen finden allerdings viel besser \u00fcber h\u00f6ren, sehen und f\u00fchlen einen Zugang zu sich und ihren Gef\u00fchlen. In Absprache mit den Eltern biete ich auch [&hellip;]\" \/>\n<meta property=\"og:url\" content=\"https:\/\/familien-kinder-coach.de\/?page_id=185\" \/>\n<meta property=\"og:site_name\" content=\"Hilfe f\u00fcr die Kleinen und die Gro\u00dfen\" \/>\n<meta property=\"article:modified_time\" content=\"2025-07-21T15:33:49+00:00\" \/>\n<meta property=\"og:image\" content=\"https:\/\/familien-kinder-coach.de\/wp-content\/uploads\/2025\/07\/ai-generated-8454037_640.png\" \/>\n\t<meta property=\"og:image:width\" content=\"640\" \/>\n\t<meta property=\"og:image:height\" content=\"640\" \/>\n\t<meta property=\"og:image:type\" content=\"image\/png\" \/>\n<meta name=\"twitter:card\" content=\"summary_large_image\" \/>\n<meta name=\"twitter:label1\" content=\"Gesch\u00e4tzte Lesezeit\" \/>\n\t<meta name=\"twitter:data1\" content=\"3\u00a0Minuten\" \/>\n<script type=\"application\/ld+json\" class=\"yoast-schema-graph\">{\"@context\":\"https:\\\/\\\/schema.org\",\"@graph\":[{\"@type\":\"WebPage\",\"@id\":\"https:\\\/\\\/familien-kinder-coach.de\\\/?page_id=185\",\"url\":\"https:\\\/\\\/familien-kinder-coach.de\\\/?page_id=185\",\"name\":\"Tools und Techniken - Hilfe f\u00fcr die Kleinen und die Gro\u00dfen\",\"isPartOf\":{\"@id\":\"https:\\\/\\\/familien-kinder-coach.de\\\/#website\"},\"primaryImageOfPage\":{\"@id\":\"https:\\\/\\\/familien-kinder-coach.de\\\/?page_id=185#primaryimage\"},\"image\":{\"@id\":\"https:\\\/\\\/familien-kinder-coach.de\\\/?page_id=185#primaryimage\"},\"thumbnailUrl\":\"https:\\\/\\\/familien-kinder-coach.de\\\/wp-content\\\/uploads\\\/2025\\\/07\\\/ai-generated-8454037_640.png\",\"datePublished\":\"2020-10-07T06:40:14+00:00\",\"dateModified\":\"2025-07-21T15:33:49+00:00\",\"breadcrumb\":{\"@id\":\"https:\\\/\\\/familien-kinder-coach.de\\\/?page_id=185#breadcrumb\"},\"inLanguage\":\"de\",\"potentialAction\":[{\"@type\":\"ReadAction\",\"target\":[\"https:\\\/\\\/familien-kinder-coach.de\\\/?page_id=185\"]}]},{\"@type\":\"ImageObject\",\"inLanguage\":\"de\",\"@id\":\"https:\\\/\\\/familien-kinder-coach.de\\\/?page_id=185#primaryimage\",\"url\":\"https:\\\/\\\/familien-kinder-coach.de\\\/wp-content\\\/uploads\\\/2025\\\/07\\\/ai-generated-8454037_640.png\",\"contentUrl\":\"https:\\\/\\\/familien-kinder-coach.de\\\/wp-content\\\/uploads\\\/2025\\\/07\\\/ai-generated-8454037_640.png\",\"width\":640,\"height\":640},{\"@type\":\"BreadcrumbList\",\"@id\":\"https:\\\/\\\/familien-kinder-coach.de\\\/?page_id=185#breadcrumb\",\"itemListElement\":[{\"@type\":\"ListItem\",\"position\":1,\"name\":\"Startseite\",\"item\":\"https:\\\/\\\/familien-kinder-coach.de\\\/\"},{\"@type\":\"ListItem\",\"position\":2,\"name\":\"Tools und Techniken\"}]},{\"@type\":\"WebSite\",\"@id\":\"https:\\\/\\\/familien-kinder-coach.de\\\/#website\",\"url\":\"https:\\\/\\\/familien-kinder-coach.de\\\/\",\"name\":\"Familien Kinder Coach Maifeld\",\"description\":\"\",\"potentialAction\":[{\"@type\":\"SearchAction\",\"target\":{\"@type\":\"EntryPoint\",\"urlTemplate\":\"https:\\\/\\\/familien-kinder-coach.de\\\/?s={search_term_string}\"},\"query-input\":{\"@type\":\"PropertyValueSpecification\",\"valueRequired\":true,\"valueName\":\"search_term_string\"}}],\"inLanguage\":\"de\"}]}<\/script>\n<!-- \/ Yoast SEO plugin. -->","yoast_head_json":{"title":"Tools und Techniken - Hilfe f\u00fcr die Kleinen und die Gro\u00dfen","robots":{"index":"index","follow":"follow","max-snippet":"max-snippet:-1","max-image-preview":"max-image-preview:large","max-video-preview":"max-video-preview:-1"},"canonical":"https:\/\/familien-kinder-coach.de\/?page_id=185","og_locale":"de_DE","og_type":"article","og_title":"Tools und Techniken - Hilfe f\u00fcr die Kleinen und die Gro\u00dfen","og_description":"Zur Anwendung in der Arbeit mit den Kids, aber auch den Erwachsenen kommen verschiedene Techniken, die ich hier n\u00e4her vorstellen m\u00f6chte. Nat\u00fcrlich finden neben diesen Techniken auch Gespr\u00e4che statt. Manche Menschen finden allerdings viel besser \u00fcber h\u00f6ren, sehen und f\u00fchlen einen Zugang zu sich und ihren Gef\u00fchlen. In Absprache mit den Eltern biete ich auch [&hellip;]","og_url":"https:\/\/familien-kinder-coach.de\/?page_id=185","og_site_name":"Hilfe f\u00fcr die Kleinen und die Gro\u00dfen","article_modified_time":"2025-07-21T15:33:49+00:00","og_image":[{"width":640,"height":640,"url":"https:\/\/familien-kinder-coach.de\/wp-content\/uploads\/2025\/07\/ai-generated-8454037_640.png","type":"image\/png"}],"twitter_card":"summary_large_image","twitter_misc":{"Gesch\u00e4tzte Lesezeit":"3\u00a0Minuten"},"schema":{"@context":"https:\/\/schema.org","@graph":[{"@type":"WebPage","@id":"https:\/\/familien-kinder-coach.de\/?page_id=185","url":"https:\/\/familien-kinder-coach.de\/?page_id=185","name":"Tools und Techniken - Hilfe f\u00fcr die Kleinen und die Gro\u00dfen","isPartOf":{"@id":"https:\/\/familien-kinder-coach.de\/#website"},"primaryImageOfPage":{"@id":"https:\/\/familien-kinder-coach.de\/?page_id=185#primaryimage"},"image":{"@id":"https:\/\/familien-kinder-coach.de\/?page_id=185#primaryimage"},"thumbnailUrl":"https:\/\/familien-kinder-coach.de\/wp-content\/uploads\/2025\/07\/ai-generated-8454037_640.png","datePublished":"2020-10-07T06:40:14+00:00","dateModified":"2025-07-21T15:33:49+00:00","breadcrumb":{"@id":"https:\/\/familien-kinder-coach.de\/?page_id=185#breadcrumb"},"inLanguage":"de","potentialAction":[{"@type":"ReadAction","target":["https:\/\/familien-kinder-coach.de\/?page_id=185"]}]},{"@type":"ImageObject","inLanguage":"de","@id":"https:\/\/familien-kinder-coach.de\/?page_id=185#primaryimage","url":"https:\/\/familien-kinder-coach.de\/wp-content\/uploads\/2025\/07\/ai-generated-8454037_640.png","contentUrl":"https:\/\/familien-kinder-coach.de\/wp-content\/uploads\/2025\/07\/ai-generated-8454037_640.png","width":640,"height":640},{"@type":"BreadcrumbList","@id":"https:\/\/familien-kinder-coach.de\/?page_id=185#breadcrumb","itemListElement":[{"@type":"ListItem","position":1,"name":"Startseite","item":"https:\/\/familien-kinder-coach.de\/"},{"@type":"ListItem","position":2,"name":"Tools und Techniken"}]},{"@type":"WebSite","@id":"https:\/\/familien-kinder-coach.de\/#website","url":"https:\/\/familien-kinder-coach.de\/","name":"Familien Kinder Coach Maifeld","description":"","potentialAction":[{"@type":"SearchAction","target":{"@type":"EntryPoint","urlTemplate":"https:\/\/familien-kinder-coach.de\/?s={search_term_string}"},"query-input":{"@type":"PropertyValueSpecification","valueRequired":true,"valueName":"search_term_string"}}],"inLanguage":"de"}]}},"_links":{"self":[{"href":"https:\/\/familien-kinder-coach.de\/index.php?rest_route=\/wp\/v2\/pages\/185","targetHints":{"allow":["GET"]}}],"collection":[{"href":"https:\/\/familien-kinder-coach.de\/index.php?rest_route=\/wp\/v2\/pages"}],"about":[{"href":"https:\/\/familien-kinder-coach.de\/index.php?rest_route=\/wp\/v2\/types\/page"}],"author":[{"embeddable":true,"href":"https:\/\/familien-kinder-coach.de\/index.php?rest_route=\/wp\/v2\/users\/1"}],"replies":[{"embeddable":true,"href":"https:\/\/familien-kinder-coach.de\/index.php?rest_route=%2Fwp%2Fv2%2Fcomments&post=185"}],"version-history":[{"count":7,"href":"https:\/\/familien-kinder-coach.de\/index.php?rest_route=\/wp\/v2\/pages\/185\/revisions"}],"predecessor-version":[{"id":321,"href":"https:\/\/familien-kinder-coach.de\/index.php?rest_route=\/wp\/v2\/pages\/185\/revisions\/321"}],"wp:attachment":[{"href":"https:\/\/familien-kinder-coach.de\/index.php?rest_route=%2Fwp%2Fv2%2Fmedia&parent=185"}],"curies":[{"name":"wp","href":"https:\/\/api.w.org\/{rel}","templated":true}]}}